{"id":113,"date":"2020-01-04T01:42:37","date_gmt":"2020-01-04T00:42:37","guid":{"rendered":"https:\/\/chrislauffs.de\/?page_id=113"},"modified":"2024-05-21T14:06:52","modified_gmt":"2024-05-21T13:06:52","slug":"songbuch","status":"publish","type":"page","link":"https:\/\/chrislauffs.de\/?page_id=113","title":{"rendered":"Songbuch"},"content":{"rendered":"\n<p>Songwriting ist nicht gerade das, was man als eine &#8220;leichte \u00dcbung&#8221; bezeichnen k\u00f6nnte. Gute Songs stehen oft in der Tradition der anglo-amerikanischen Folkbewegung, sie orientieren sich m\u00f6glicherweise aber auch an franz\u00f6sischen Chansons oder haben ihre Vorbilder in der deutschsprachigen Liedermacherszene. Damit sind hohe Ma\u00dfst\u00e4be gesetzt&#8230; Die Kunst, Lieder zu schreiben, besteht darin, deren Inhalt weder banal erscheinen zu lassen noch mit zu vielen Aussagen zu \u00fcberfrachten. Lieder k\u00f6nnen an Vertrautes erinnern, aber auch manchmal neue Gedanken hervorrufen. Lieder ver&#8221;dichten&#8221; Ereignisse und malen Tr\u00e4ume an die Wand&#8230;<\/p>\n\n\n\n<p>Meine Songs haben deutsche Texte. All das, was man an Gef\u00fchlen und Vorstellungen ausdr\u00fccken oder was man an Geschichten erz\u00e4hlen will, l\u00e4sst sich eigentlich authentisch nur in der Muttersprache in Worte kleiden.<\/p>\n\n\n\n<p>Die Melodien und Harmonien sind gepr\u00e4gt von den Kl\u00e4ngen der akustischen Gitarren, dem Piano und der Mundharmonika.<\/p>\n\n\n\n<ul>\n<li><a href=\"https:\/\/chrislauffs.de\/?page_id=115\">Adrenalin<\/a><\/li>\n\n\n\n<li><a href=\"https:\/\/chrislauffs.de\/?page_id=118\">Als wenn&#8230;<\/a><\/li>\n\n\n\n<li><a href=\"https:\/\/chrislauffs.de\/?page_id=120\">Antoine<\/a><\/li>\n\n\n\n<li><a href=\"https:\/\/chrislauffs.de\/?page_id=123\">B-3-Blues<\/a><\/li>\n\n\n\n<li><a href=\"https:\/\/chrislauffs.de\/?page_id=126\">Der Schl\u00e4fer im Tal<\/a><\/li>\n\n\n\n<li><a href=\"https:\/\/chrislauffs.de\/?page_id=132\">Die letzten Giganten<\/a><\/li>\n\n\n\n<li><a href=\"https:\/\/chrislauffs.de\/?page_id=394\" data-type=\"page\" data-id=\"394\">Ich wei\u00df&#8230;sagt sie<\/a><\/li>\n\n\n\n<li><a href=\"https:\/\/chrislauffs.de\/?page_id=135\">Jenseits der Grenze<\/a><\/li>\n\n\n\n<li><a href=\"https:\/\/chrislauffs.de\/?page_id=138\">Gro\u00dfstadtm\u00e4dchen<\/a><\/li>\n\n\n\n<li><a href=\"https:\/\/chrislauffs.de\/?page_id=141\">Halb<\/a><\/li>\n\n\n\n<li><a href=\"https:\/\/chrislauffs.de\/?page_id=144\">In dieser Zeit<\/a><\/li>\n\n\n\n<li><a href=\"https:\/\/chrislauffs.de\/?page_id=147\">Junge<\/a><\/li>\n\n\n\n<li><a href=\"https:\/\/chrislauffs.de\/?page_id=397\" data-type=\"page\" data-id=\"397\">Kaffeenation<\/a><\/li>\n\n\n\n<li><a href=\"https:\/\/chrislauffs.de\/?page_id=149\">Mittelm\u00e4\u00dfigkeit<\/a><\/li>\n\n\n\n<li><a href=\"https:\/\/chrislauffs.de\/?page_id=151\">Nichts zu bereu&#8217;n<\/a><\/li>\n\n\n\n<li><a href=\"https:\/\/chrislauffs.de\/?page_id=399\" data-type=\"page\" data-id=\"399\">Regen morgens fr\u00fch<\/a><\/li>\n\n\n\n<li><a href=\"https:\/\/chrislauffs.de\/?page_id=154\">Rouge oder Noir<\/a><\/li>\n\n\n\n<li><a href=\"https:\/\/chrislauffs.de\/?page_id=157\">Schnelle Begegnung<\/a><\/li>\n\n\n\n<li><a href=\"https:\/\/chrislauffs.de\/?page_id=159\">Sherrill und Tom<\/a><\/li>\n\n\n\n<li><a href=\"https:\/\/chrislauffs.de\/?page_id=162\">Stra\u00dfenmusiker<\/a><\/li>\n\n\n\n<li><a href=\"https:\/\/chrislauffs.de\/?page_id=164\">Unterwegs<\/a><\/li>\n\n\n\n<li><a href=\"https:\/\/chrislauffs.de\/?page_id=167\">On the road (english version)<\/a><\/li>\n\n\n\n<li><a href=\"https:\/\/chrislauffs.de\/?page_id=169\">Wale<\/a><\/li>\n\n\n\n<li><a href=\"https:\/\/chrislauffs.de\/?page_id=172\">Whales (english version)<\/a><\/li>\n\n\n\n<li><a href=\"https:\/\/chrislauffs.de\/?page_id=174\">Wenn wir uns seh&#8217;n<\/a><\/li>\n<\/ul>\n","protected":false},"excerpt":{"rendered":"<p>Songwriting ist nicht gerade das, was man als eine &#8220;leichte \u00dcbung&#8221; bezeichnen k\u00f6nnte. Gute Songs stehen oft in der Tradition der anglo-amerikanischen Folkbewegung, sie orientieren sich m\u00f6glicherweise aber auch an franz\u00f6sischen Chansons oder haben ihre Vorbilder in der deutschsprachigen Liedermacherszene. Damit sind hohe Ma\u00dfst\u00e4be gesetzt&#8230; Die Kunst, Lieder zu schreiben, besteht darin, deren Inhalt weder [&hellip;]<\/p>\n","protected":false},"author":1,"featured_media":0,"parent":0,"menu_order":0,"comment_status":"closed","ping_status":"closed","template":"","meta":[],"_links":{"self":[{"href":"https:\/\/chrislauffs.de\/index.php?rest_route=\/wp\/v2\/pages\/113"}],"collection":[{"href":"https:\/\/chrislauffs.de\/index.php?rest_route=\/wp\/v2\/pages"}],"about":[{"href":"https:\/\/chrislauffs.de\/index.php?rest_route=\/wp\/v2\/types\/page"}],"author":[{"embeddable":true,"href":"https:\/\/chrislauffs.de\/index.php?rest_route=\/wp\/v2\/users\/1"}],"replies":[{"embeddable":true,"href":"https:\/\/chrislauffs.de\/index.php?rest_route=%2Fwp%2Fv2%2Fcomments&post=113"}],"version-history":[{"count":5,"href":"https:\/\/chrislauffs.de\/index.php?rest_route=\/wp\/v2\/pages\/113\/revisions"}],"predecessor-version":[{"id":404,"href":"https:\/\/chrislauffs.de\/index.php?rest_route=\/wp\/v2\/pages\/113\/revisions\/404"}],"wp:attachment":[{"href":"https:\/\/chrislauffs.de\/index.php?rest_route=%2Fwp%2Fv2%2Fmedia&parent=113"}],"curies":[{"name":"wp","href":"https:\/\/api.w.org\/{rel}","templated":true}]}}