{"id":115,"date":"2020-01-04T01:47:05","date_gmt":"2020-01-04T00:47:05","guid":{"rendered":"https:\/\/chrislauffs.de\/?page_id=115"},"modified":"2020-01-04T02:35:05","modified_gmt":"2020-01-04T01:35:05","slug":"adrenalin","status":"publish","type":"page","link":"https:\/\/chrislauffs.de\/?page_id=115","title":{"rendered":"Adrenalin"},"content":{"rendered":"\n<p><em>Du stehst auf der Plattform, zum Himmel den Blick,<br>bist du auch wirklich bereit?<br>Ein Kran zieht dich aufw\u00e4rts, es gibt kein Zur\u00fcck,<br>der Boden ist pl\u00f6tzlich ganz weit.<br>Du kennst das Gef\u00fchl: Was mach ich hier blo\u00df?<br>Die Angst wird schwer nur besiegt,<br>doch dann stehst du oben, Gurt um den Fu\u00df,<br>\u00f6ffnest die Arme und fliegst&#8230;<\/em><\/p>\n\n\n\n<p><em>&nbsp;&nbsp;&nbsp;Adrenalin braucht keine Injektion,<br>&nbsp;&nbsp; den Stoff gibt dir dein K\u00f6rper schon &#8211;<br>&nbsp;&nbsp; Adrenalin &#8211; wirf keine Pillen ein,<br>&nbsp;&nbsp; damit kannst du viel higher sein &#8211;<br>&nbsp;&nbsp; Adrenalin &#8211; Adrenalin &#8211;<br>&nbsp;&nbsp; Adrenalin &#8211; Adrenalin &#8211;<\/em><\/p>\n\n\n\n<p><em>Du hockst auf der Planke in Wellen und Gischt,<br>hast du dich nicht \u00fcbersch\u00e4tzt?<br>Das Schlauchboot schie\u00dft vorw\u00e4rts, es gurgelt und zischt,<br>der Fluss nie so rei\u00dfend wie jetzt&#8230;<br>Die Stromschnellen toben, sind auch gleich erreicht,<br>wenn du um den Felsen hier biegst,<br>und dann bist du da, dein Herzschlag setzt aus,<br>krallst dich ans Paddel und fliegst&#8230;<\/em><\/p>\n\n\n\n<p><em>&nbsp;&nbsp;&nbsp; Adrenalin &#8211; wenn du kein Gras mehr brauchst,<br>&nbsp;&nbsp; o.k. wenn&#8217;s nur dein Dealer raucht &#8211;<br>&nbsp;&nbsp; Adrenalin &#8211; nie mehr ne Linie zieh&#8217;n,<br>&nbsp;&nbsp; die Nase frei, und du bleibst clean &#8211;<br>&nbsp;&nbsp; Adrenalin &#8211; Adrenalin &#8211;<br>&nbsp;&nbsp; Adrenalin &#8211; Adrenalin &#8211;<\/em><\/p>\n\n\n\n<p><em>Du kommst auf die B\u00fchne, Instrument in der Hand,<br>ist bei dir alles klar?<br>Die Nerven blank, zum Zerrei\u00dfen gespannt,<br>f\u00fchlst du dich wirklich als Star?&#8230;<br>Die Kehle ist trocken, du zweifelst an dir,<br>ob du auch alles hinkriegst,<br>doch dann stehst du da, die Spots flammen auf,<br>reckst die Gitarre und fliegst&#8230;<\/em><\/p>\n\n\n\n<p><em>&nbsp;&nbsp;&nbsp;Adrenalin braucht keine Injektion,<br>&nbsp;&nbsp; den Stoff gibt dir dein K\u00f6rper schon &#8211;<br>&nbsp;&nbsp; Adrenalin &#8211; wirf keine Pillen ein,<br>&nbsp;&nbsp; damit kannst du viel higher sein &#8211;<br>&nbsp;&nbsp; Adrenalin &#8211; wenn du kein Gras mehr brauchst,<br>&nbsp;&nbsp; o.k. wenn&#8217;s nur dein Dealer raucht &#8211;<br>&nbsp;&nbsp; Adrenalin &#8211; nie mehr ne Linie zieh&#8217;n,<br>&nbsp;&nbsp; die Nase frei, und du bleibst clean &#8211;<br>&nbsp;&nbsp; Adrenalin &#8211; Adrenalin &#8211;<br>&nbsp;&nbsp; Adrenalin &#8211; Adrenalin &#8211;<\/em><\/p>\n\n\n\n<figure class=\"wp-block-image size-large\"><img decoding=\"async\" loading=\"lazy\" width=\"390\" height=\"216\" src=\"https:\/\/chrislauffs.de\/wp-content\/uploads\/2020\/01\/Adrenalin_Homepage.jpg\" alt=\"\" class=\"wp-image-116\" srcset=\"https:\/\/chrislauffs.de\/wp-content\/uploads\/2020\/01\/Adrenalin_Homepage.jpg 390w, https:\/\/chrislauffs.de\/wp-content\/uploads\/2020\/01\/Adrenalin_Homepage-300x166.jpg 300w\" sizes=\"(max-width: 390px) 100vw, 390px\" \/><\/figure>\n","protected":false},"excerpt":{"rendered":"<p>Du stehst auf der Plattform, zum Himmel den Blick,bist du auch wirklich bereit?Ein Kran zieht dich aufw\u00e4rts, es gibt kein Zur\u00fcck,der Boden ist pl\u00f6tzlich ganz weit.Du kennst das Gef\u00fchl: Was mach ich hier blo\u00df?Die Angst wird schwer nur besiegt,doch dann stehst du oben, Gurt um den Fu\u00df,\u00f6ffnest die Arme und fliegst&#8230; &nbsp;&nbsp;&nbsp;Adrenalin braucht keine Injektion,&nbsp;&nbsp; [&hellip;]<\/p>\n","protected":false},"author":1,"featured_media":0,"parent":113,"menu_order":0,"comment_status":"closed","ping_status":"closed","template":"","meta":[],"_links":{"self":[{"href":"https:\/\/chrislauffs.de\/index.php?rest_route=\/wp\/v2\/pages\/115"}],"collection":[{"href":"https:\/\/chrislauffs.de\/index.php?rest_route=\/wp\/v2\/pages"}],"about":[{"href":"https:\/\/chrislauffs.de\/index.php?rest_route=\/wp\/v2\/types\/page"}],"author":[{"embeddable":true,"href":"https:\/\/chrislauffs.de\/index.php?rest_route=\/wp\/v2\/users\/1"}],"replies":[{"embeddable":true,"href":"https:\/\/chrislauffs.de\/index.php?rest_route=%2Fwp%2Fv2%2Fcomments&post=115"}],"version-history":[{"count":2,"href":"https:\/\/chrislauffs.de\/index.php?rest_route=\/wp\/v2\/pages\/115\/revisions"}],"predecessor-version":[{"id":177,"href":"https:\/\/chrislauffs.de\/index.php?rest_route=\/wp\/v2\/pages\/115\/revisions\/177"}],"up":[{"embeddable":true,"href":"https:\/\/chrislauffs.de\/index.php?rest_route=\/wp\/v2\/pages\/113"}],"wp:attachment":[{"href":"https:\/\/chrislauffs.de\/index.php?rest_route=%2Fwp%2Fv2%2Fmedia&parent=115"}],"curies":[{"name":"wp","href":"https:\/\/api.w.org\/{rel}","templated":true}]}}