{"id":118,"date":"2020-01-04T01:48:06","date_gmt":"2020-01-04T00:48:06","guid":{"rendered":"https:\/\/chrislauffs.de\/?page_id=118"},"modified":"2024-07-24T19:52:37","modified_gmt":"2024-07-24T18:52:37","slug":"als-wenn","status":"publish","type":"page","link":"https:\/\/chrislauffs.de\/?page_id=118","title":{"rendered":"Als wenn&#8230;"},"content":{"rendered":"\n<p>Er:    <em>Hier liegst du neben mir, dein Kopf in meinem Arm,<br>deine Hand wie eine Feder ber\u00fchrt sanft mein Gesicht.<br>Ich sp\u00fcre deinen Herzschlag, dein Atem streift mich warm,<br>seh&#8217; deinen K\u00f6rper schimmern im milden D\u00e4mmerlicht&#8230;<\/em><\/p>\n\n\n\n<p>Sie:    <em>Lag es an unsren Worten, oder war es auch der Wein?<br>Geschah es, als wir tanzten? Nie warst du mir so nah&#8230;<br>Und sagten mir deine H\u00e4nde: Ich m\u00f6chte bei dir sein?<br>Lasest du in meinen Augen: Ich bin einfach f\u00fcr dich da&#8230;?<\/em><\/p>\n\n\n\n<p><em>\u00a0\u00a0Er und sie:    Nein, ich denk&#8217; nicht an die Zukunft, mach&#8217; f\u00fcr uns keinen Plan,<br>\u00a0\u00a0hab&#8217; so was in meinem Leben doch viel zu oft getan,<br>\u00a0\u00a0und ich will keine Versprechen: alle Schw\u00fcre kl\u00e4ngen leer &#8211;<br>\u00a0\u00a0ich m\u00f6cht&#8217; dich heut nur lieben, als wenn dieser Tag unser letzter w\u00e4r&#8217;&#8230;<\/em><\/p>\n\n\n\n<p>Sie:    <em>Die Zeit macht einen Umweg um unser Haus heut&#8217; nacht.<br>Die Schatten flackern lautlos im Feuerwiderschein.<br>Er:    Im Schlaf lehnst du an mir, dein Mund bewegt sich sacht &#8211;<br>ich g\u00e4be was daf\u00fcr, in deinem Traum zu sein&#8230;<\/em><\/p>\n","protected":false},"excerpt":{"rendered":"<p>Er: Hier liegst du neben mir, dein Kopf in meinem Arm,deine Hand wie eine Feder ber\u00fchrt sanft mein Gesicht.Ich sp\u00fcre deinen Herzschlag, dein Atem streift mich warm,seh&#8217; deinen K\u00f6rper schimmern im milden D\u00e4mmerlicht&#8230; Sie: Lag es an unsren Worten, oder war es auch der Wein?Geschah es, als wir tanzten? Nie warst du mir so nah&#8230;Und [&hellip;]<\/p>\n","protected":false},"author":1,"featured_media":0,"parent":113,"menu_order":0,"comment_status":"closed","ping_status":"closed","template":"","meta":[],"_links":{"self":[{"href":"https:\/\/chrislauffs.de\/index.php?rest_route=\/wp\/v2\/pages\/118"}],"collection":[{"href":"https:\/\/chrislauffs.de\/index.php?rest_route=\/wp\/v2\/pages"}],"about":[{"href":"https:\/\/chrislauffs.de\/index.php?rest_route=\/wp\/v2\/types\/page"}],"author":[{"embeddable":true,"href":"https:\/\/chrislauffs.de\/index.php?rest_route=\/wp\/v2\/users\/1"}],"replies":[{"embeddable":true,"href":"https:\/\/chrislauffs.de\/index.php?rest_route=%2Fwp%2Fv2%2Fcomments&post=118"}],"version-history":[{"count":2,"href":"https:\/\/chrislauffs.de\/index.php?rest_route=\/wp\/v2\/pages\/118\/revisions"}],"predecessor-version":[{"id":430,"href":"https:\/\/chrislauffs.de\/index.php?rest_route=\/wp\/v2\/pages\/118\/revisions\/430"}],"up":[{"embeddable":true,"href":"https:\/\/chrislauffs.de\/index.php?rest_route=\/wp\/v2\/pages\/113"}],"wp:attachment":[{"href":"https:\/\/chrislauffs.de\/index.php?rest_route=%2Fwp%2Fv2%2Fmedia&parent=118"}],"curies":[{"name":"wp","href":"https:\/\/api.w.org\/{rel}","templated":true}]}}