{"id":120,"date":"2020-01-04T01:49:30","date_gmt":"2020-01-04T00:49:30","guid":{"rendered":"https:\/\/chrislauffs.de\/?page_id=120"},"modified":"2020-01-04T02:34:51","modified_gmt":"2020-01-04T01:34:51","slug":"antoine","status":"publish","type":"page","link":"https:\/\/chrislauffs.de\/?page_id=120","title":{"rendered":"Antoine"},"content":{"rendered":"\n<p><em>Die rote Sonne im Westen, unter den Fl\u00fcgeln der W\u00fcstenwind,<br>der Schatten des Flugzeugs ist lang schon nicht mehr zu seh&#8217;n.<br>Vom feinen Sand abgeschliffen, sind deine Cockpitscheiben fast blind,<br>Flugh\u00f6he zweitausend Fu\u00df, Flugzeit 3:10.<br>Und ich seh&#8217; dich am Himmel fliegen, und ich stell mir vor, wie es war<br>auf der Flugpostroute von Toulouse \u00fcber Casablanca bis nach Dakar.<br>Nichts hielt dich am Boden, du wolltest schon immer wie Ikarus sein,<br>nun bist du zweieinhalbtausend Meilen mit Wind, Sand und Sternen allein.<br>Und Gedanken nur und Visionen begleiten dich auf dem Flug,<br>und ich frag&#8217; mich, ob du ahntest: um sie alle aufzuschreiben, sind die Jahre, die dir bleiben,<br>nicht genug&#8230;<\/em><\/p>\n\n\n\n<p><em>Unterwegs notgelandet, steht die Maschine am D\u00fcnenrand,<br>der Flug j\u00e4h zu Ende, dein Ziel liegt Tage von hier.<br>Und wie vom Himmel gefallen, steht da ein kleiner Junge im Sand,<br>schaut dich mit ernstem Blick an und redet mit dir.<br>Er k\u00e4m&#8217; von seinem kleinen Planeten, seine Reise war h\u00f6chst sonderbar,<br>und du hast nicht den kleinsten Zweifel: die Geschichte ist wirklich wahr.<br>Durch ihn lernst du das Geheimnis einer wahren Freundschaft zu versteh&#8217;n,<br>er erz\u00e4hlt dir, was es hei\u00dft, mit dem Herzen nur gut zu seh&#8217;n.<br>Doch dass er bald wieder zur\u00fcckkehrt, daran hast du nie gedacht,<br>und er sieht, er muss dich tr\u00f6sten, so gibt er dir seine Sterne, dir zuzulachen aus der Ferne<br>jede Nacht&#8230;<\/em><\/p>\n\n\n\n<p><em>Am Rollfeld dr\u00f6hnen Motoren, du steigst ins Cockpit der Lightning ein,<br>Aufkl\u00e4rungsflug 1-6, Flugrichtung Nord.<br>In dieser sinnlosen Kriegszeit soll dies dein letzter Flugeinsatz sein,<br>statt Posts\u00e4cken hast du die Luftbildkamera an Bord.<br>Und ich seh&#8217; dich am Himmel fliegen, doch irgendwann bist du nicht mehr da,<br>und niemand wei\u00df und wird je erfahren, was an jenem Tag mit dir geschah.<br>Die Kameraden warten vergeblich, du bleibst f\u00fcr immer vermisst,<br>aber keiner will wirklich glauben, dass dein Flug ohne Wiederkehr ist.<br>Und mir tr\u00e4umte, dass dein Flugzeug zum Raumschiff geworden w\u00e4r&#8217;,<br>und du w\u00fcrd&#8217;st ihn wieder finden, lerntest seine Heimat kennen, w\u00fcrdest dich nicht von ihm trennen,<br>niemals mehr&#8230;<\/em><\/p>\n\n\n\n<figure class=\"wp-block-image size-large\"><img decoding=\"async\" loading=\"lazy\" width=\"295\" height=\"293\" src=\"https:\/\/chrislauffs.de\/wp-content\/uploads\/2020\/01\/Antoine_Homepage.jpg\" alt=\"\" class=\"wp-image-121\" srcset=\"https:\/\/chrislauffs.de\/wp-content\/uploads\/2020\/01\/Antoine_Homepage.jpg 295w, https:\/\/chrislauffs.de\/wp-content\/uploads\/2020\/01\/Antoine_Homepage-150x150.jpg 150w\" sizes=\"(max-width: 295px) 100vw, 295px\" \/><\/figure>\n","protected":false},"excerpt":{"rendered":"<p>Die rote Sonne im Westen, unter den Fl\u00fcgeln der W\u00fcstenwind,der Schatten des Flugzeugs ist lang schon nicht mehr zu seh&#8217;n.Vom feinen Sand abgeschliffen, sind deine Cockpitscheiben fast blind,Flugh\u00f6he zweitausend Fu\u00df, Flugzeit 3:10.Und ich seh&#8217; dich am Himmel fliegen, und ich stell mir vor, wie es warauf der Flugpostroute von Toulouse \u00fcber Casablanca bis nach Dakar.Nichts [&hellip;]<\/p>\n","protected":false},"author":1,"featured_media":0,"parent":113,"menu_order":0,"comment_status":"closed","ping_status":"closed","template":"","meta":[],"_links":{"self":[{"href":"https:\/\/chrislauffs.de\/index.php?rest_route=\/wp\/v2\/pages\/120"}],"collection":[{"href":"https:\/\/chrislauffs.de\/index.php?rest_route=\/wp\/v2\/pages"}],"about":[{"href":"https:\/\/chrislauffs.de\/index.php?rest_route=\/wp\/v2\/types\/page"}],"author":[{"embeddable":true,"href":"https:\/\/chrislauffs.de\/index.php?rest_route=\/wp\/v2\/users\/1"}],"replies":[{"embeddable":true,"href":"https:\/\/chrislauffs.de\/index.php?rest_route=%2Fwp%2Fv2%2Fcomments&post=120"}],"version-history":[{"count":2,"href":"https:\/\/chrislauffs.de\/index.php?rest_route=\/wp\/v2\/pages\/120\/revisions"}],"predecessor-version":[{"id":178,"href":"https:\/\/chrislauffs.de\/index.php?rest_route=\/wp\/v2\/pages\/120\/revisions\/178"}],"up":[{"embeddable":true,"href":"https:\/\/chrislauffs.de\/index.php?rest_route=\/wp\/v2\/pages\/113"}],"wp:attachment":[{"href":"https:\/\/chrislauffs.de\/index.php?rest_route=%2Fwp%2Fv2%2Fmedia&parent=120"}],"curies":[{"name":"wp","href":"https:\/\/api.w.org\/{rel}","templated":true}]}}