{"id":126,"date":"2020-01-04T01:51:00","date_gmt":"2020-01-04T00:51:00","guid":{"rendered":"https:\/\/chrislauffs.de\/?page_id=126"},"modified":"2024-06-03T20:46:36","modified_gmt":"2024-06-03T19:46:36","slug":"der-schlaefer-im-tal","status":"publish","type":"page","link":"https:\/\/chrislauffs.de\/?page_id=126","title":{"rendered":"Der Schl\u00e4fer im Tal"},"content":{"rendered":"\n<p><\/p>\n\n\n\n<p><em>Ein gr\u00fcner Fleck Erde, ein Flu\u00df, der dran grenzt<br>und wie fl\u00fcssiges Silber durch Schilfgr\u00e4ser blinkt<br>in der Sonne, die hoch von dem Berg herab gl\u00e4nzt,<br>ein winziges Tal, das in Strahlen versinkt.<\/em><\/p>\n\n\n\n<p><em>Ein junger Soldat liegt im Gras ausgestreckt,<br>und gelbe Narzissen umwachsen ihn dicht,<br>er schl\u00e4ft, den Mund offen, den Kopf unbedeckt,<br>und ein Sonnenstrahl f\u00e4llt auf sein blasses Gesicht.<\/em><\/p>\n\n\n\n<p><em>Ein Windzug streift kalt durch die Gr\u00e4ser und wiegt<br>die raschelnden Blumen, in denen er liegt,<br>er l\u00e4chelt im Schlaf wie ein kr\u00e4nkliches Kind.<\/em><\/p>\n\n\n\n<p><em>Doch die Brust hebt sich nicht, seine Hand liegt darauf,<br>und die zwei roten Schusswunden fallen kaum auf,<br>die Finger verdecken das Blut, das rinnt&#8230;<\/em><\/p>\n\n\n\n<p>frz. Originaltext: Arthur Rimbaud, 1870, &#8220;Le dormeur du val&#8221;<br>\u00dcbertragung und Musik: Chris Lauffs<\/p>\n","protected":false},"excerpt":{"rendered":"<p>Ein gr\u00fcner Fleck Erde, ein Flu\u00df, der dran grenztund wie fl\u00fcssiges Silber durch Schilfgr\u00e4ser blinktin der Sonne, die hoch von dem Berg herab gl\u00e4nzt,ein winziges Tal, das in Strahlen versinkt. Ein junger Soldat liegt im Gras ausgestreckt,und gelbe Narzissen umwachsen ihn dicht,er schl\u00e4ft, den Mund offen, den Kopf unbedeckt,und ein Sonnenstrahl f\u00e4llt auf sein blasses [&hellip;]<\/p>\n","protected":false},"author":1,"featured_media":0,"parent":113,"menu_order":0,"comment_status":"closed","ping_status":"closed","template":"","meta":[],"_links":{"self":[{"href":"https:\/\/chrislauffs.de\/index.php?rest_route=\/wp\/v2\/pages\/126"}],"collection":[{"href":"https:\/\/chrislauffs.de\/index.php?rest_route=\/wp\/v2\/pages"}],"about":[{"href":"https:\/\/chrislauffs.de\/index.php?rest_route=\/wp\/v2\/types\/page"}],"author":[{"embeddable":true,"href":"https:\/\/chrislauffs.de\/index.php?rest_route=\/wp\/v2\/users\/1"}],"replies":[{"embeddable":true,"href":"https:\/\/chrislauffs.de\/index.php?rest_route=%2Fwp%2Fv2%2Fcomments&post=126"}],"version-history":[{"count":3,"href":"https:\/\/chrislauffs.de\/index.php?rest_route=\/wp\/v2\/pages\/126\/revisions"}],"predecessor-version":[{"id":414,"href":"https:\/\/chrislauffs.de\/index.php?rest_route=\/wp\/v2\/pages\/126\/revisions\/414"}],"up":[{"embeddable":true,"href":"https:\/\/chrislauffs.de\/index.php?rest_route=\/wp\/v2\/pages\/113"}],"wp:attachment":[{"href":"https:\/\/chrislauffs.de\/index.php?rest_route=%2Fwp%2Fv2%2Fmedia&parent=126"}],"curies":[{"name":"wp","href":"https:\/\/api.w.org\/{rel}","templated":true}]}}