{"id":132,"date":"2020-01-04T02:08:25","date_gmt":"2020-01-04T01:08:25","guid":{"rendered":"https:\/\/chrislauffs.de\/?page_id=132"},"modified":"2020-01-04T02:08:25","modified_gmt":"2020-01-04T01:08:25","slug":"die-letzten-giganten","status":"publish","type":"page","link":"https:\/\/chrislauffs.de\/?page_id=132","title":{"rendered":"Die letzten Giganten"},"content":{"rendered":"\n<p><em>Steigen \u00fcber eis&#8217;ge H\u00f6h&#8217;n, harter Firnschnee weit und breit,<br>Winde, die aus tiefen Spalten weh&#8217;n, kalter Hauch aus der Vergangenheit.<br>Wage nicht, sie zu ergr\u00fcnden, diese glitzernd-riss&#8217;ge Haut:<br>In blaue H\u00f6hlen, wei\u00dfe Schr\u00fcnde hat noch nie zuvor ein Mensch geschaut&#8230;<\/em><\/p>\n\n\n\n<p><em>&nbsp; Sp\u00fcrst du, wie der Gletscher lebt, welche Kraft noch in ihm steckt?<br>&nbsp; Dieser Grat, auf dem du stehst, war \u00c4onen lang bedeckt&#8230;<br>&nbsp; Doch der Panzer geht zur\u00fcck, ist nicht l\u00e4nger ew&#8217;ges Eis,<br>&nbsp; seine Schichten St\u00fcck f\u00fcr St\u00fcck geben z\u00f6gernd ihr Geheimnis preis.<\/em><\/p>\n\n\n\n<p><em>Manche glauben, es gibt Tore hin zu einer inn&#8217;ren Welt;<br>dass ein Gletscher jene Arche seit Urzeit unter sich verborgen h\u00e4lt;<br>dass mit dem Schmelzen der Giganten, zw\u00f6lftausend Jahre sei es her,<br>das ferne K\u00f6nigreich Atlantis f\u00fcr alle Zeit im Meer versunken w\u00e4r&#8217;.<\/em><\/p>\n\n\n\n<p><em>Sind wir nur hilflose Zeugen, ist ihr Ende nicht mehr weit?<br>Seh&#8217;n die Enkel uns&#8217;rer Enkel staunend Bilder einer lang verschwund&#8217;nen Zeit?<br>Nein, wir m\u00fcssten es l\u00e4ngst wissen, die Zeichen stehen an der Wand:<br>Auf uns geht dieses Mal Atlantis &#8211; haben wir sie vielleicht zu sp\u00e4t erkannt?<\/em><\/p>\n\n\n\n<figure class=\"wp-block-image size-large\"><img decoding=\"async\" loading=\"lazy\" width=\"250\" height=\"376\" src=\"https:\/\/chrislauffs.de\/wp-content\/uploads\/2020\/01\/gletscherspalte1.jpg\" alt=\"\" class=\"wp-image-133\" srcset=\"https:\/\/chrislauffs.de\/wp-content\/uploads\/2020\/01\/gletscherspalte1.jpg 250w, https:\/\/chrislauffs.de\/wp-content\/uploads\/2020\/01\/gletscherspalte1-199x300.jpg 199w\" sizes=\"(max-width: 250px) 100vw, 250px\" \/><\/figure>\n","protected":false},"excerpt":{"rendered":"<p>Steigen \u00fcber eis&#8217;ge H\u00f6h&#8217;n, harter Firnschnee weit und breit,Winde, die aus tiefen Spalten weh&#8217;n, kalter Hauch aus der Vergangenheit.Wage nicht, sie zu ergr\u00fcnden, diese glitzernd-riss&#8217;ge Haut:In blaue H\u00f6hlen, wei\u00dfe Schr\u00fcnde hat noch nie zuvor ein Mensch geschaut&#8230; &nbsp; Sp\u00fcrst du, wie der Gletscher lebt, welche Kraft noch in ihm steckt?&nbsp; Dieser Grat, auf dem du [&hellip;]<\/p>\n","protected":false},"author":1,"featured_media":0,"parent":113,"menu_order":0,"comment_status":"closed","ping_status":"closed","template":"","meta":[],"_links":{"self":[{"href":"https:\/\/chrislauffs.de\/index.php?rest_route=\/wp\/v2\/pages\/132"}],"collection":[{"href":"https:\/\/chrislauffs.de\/index.php?rest_route=\/wp\/v2\/pages"}],"about":[{"href":"https:\/\/chrislauffs.de\/index.php?rest_route=\/wp\/v2\/types\/page"}],"author":[{"embeddable":true,"href":"https:\/\/chrislauffs.de\/index.php?rest_route=\/wp\/v2\/users\/1"}],"replies":[{"embeddable":true,"href":"https:\/\/chrislauffs.de\/index.php?rest_route=%2Fwp%2Fv2%2Fcomments&post=132"}],"version-history":[{"count":1,"href":"https:\/\/chrislauffs.de\/index.php?rest_route=\/wp\/v2\/pages\/132\/revisions"}],"predecessor-version":[{"id":134,"href":"https:\/\/chrislauffs.de\/index.php?rest_route=\/wp\/v2\/pages\/132\/revisions\/134"}],"up":[{"embeddable":true,"href":"https:\/\/chrislauffs.de\/index.php?rest_route=\/wp\/v2\/pages\/113"}],"wp:attachment":[{"href":"https:\/\/chrislauffs.de\/index.php?rest_route=%2Fwp%2Fv2%2Fmedia&parent=132"}],"curies":[{"name":"wp","href":"https:\/\/api.w.org\/{rel}","templated":true}]}}