{"id":138,"date":"2020-01-04T02:10:54","date_gmt":"2020-01-04T01:10:54","guid":{"rendered":"https:\/\/chrislauffs.de\/?page_id=138"},"modified":"2024-06-04T14:49:58","modified_gmt":"2024-06-04T13:49:58","slug":"grossstadtmaedchen","status":"publish","type":"page","link":"https:\/\/chrislauffs.de\/?page_id=138","title":{"rendered":"Gro\u00dfstadtm\u00e4dchen"},"content":{"rendered":"\n<p><em>Gro\u00dfstadtm\u00e4dchen seh&#8217;n dich an,<br>f\u00fcr eine Nacht bist du ihr Mann,<br>doch wenn der Morgen dann anbricht,<br>ist dir klar, sie bleiben nicht.<\/em><\/p>\n\n\n\n<p><em>Und das Morgenlicht ist fahl,<br>du wei\u00dft, sie wollten es nur diesmal,<br>und die Nacht ist jetzt vorbei,<br>Gro\u00dfstadtm\u00e4dchen bleiben frei.<\/em><\/p>\n\n\n\n<p><em>Was macht ein armer Kerl wie ich,<br>will er ein M\u00e4dchen so wie dich?<br>Hab&#8217; kein Geld f\u00fcr&#8217;n gold&#8217;nen Ring,<br>andrer Schmuck ist auch nicht drin.<\/em><\/p>\n\n\n\n<p><em>Doch was zu geben, f\u00e4llt mir leicht:<br>&#8216;Nen kleinen Song, der dich erreicht,<br>h\u00f6r&#8217; mir zu, ich widme ihn dir,<br>Gro\u00dfstadtm\u00e4dchen, bleib&#8217; noch hier&#8230;<\/em><\/p>\n\n\n\n<p><strong>Originaltitel: City Girls<br>Text und Musik: J.J. Cale (1982)<br>\u00a9 BMG Platinum Songs US\/Audigram Songs, Inc.\/BMG Rights Management GmbH<\/strong><\/p>\n\n\n\n<figure class=\"wp-block-image size-large\"><img decoding=\"async\" loading=\"lazy\" width=\"201\" height=\"246\" src=\"https:\/\/chrislauffs.de\/wp-content\/uploads\/2020\/01\/Gro\u00dfstadtm\u00e4dchen_Homepage.jpg\" alt=\"\" class=\"wp-image-139\"\/><\/figure>\n","protected":false},"excerpt":{"rendered":"<p>Gro\u00dfstadtm\u00e4dchen seh&#8217;n dich an,f\u00fcr eine Nacht bist du ihr Mann,doch wenn der Morgen dann anbricht,ist dir klar, sie bleiben nicht. Und das Morgenlicht ist fahl,du wei\u00dft, sie wollten es nur diesmal,und die Nacht ist jetzt vorbei,Gro\u00dfstadtm\u00e4dchen bleiben frei. Was macht ein armer Kerl wie ich,will er ein M\u00e4dchen so wie dich?Hab&#8217; kein Geld f\u00fcr&#8217;n gold&#8217;nen [&hellip;]<\/p>\n","protected":false},"author":1,"featured_media":0,"parent":113,"menu_order":0,"comment_status":"closed","ping_status":"closed","template":"","meta":[],"_links":{"self":[{"href":"https:\/\/chrislauffs.de\/index.php?rest_route=\/wp\/v2\/pages\/138"}],"collection":[{"href":"https:\/\/chrislauffs.de\/index.php?rest_route=\/wp\/v2\/pages"}],"about":[{"href":"https:\/\/chrislauffs.de\/index.php?rest_route=\/wp\/v2\/types\/page"}],"author":[{"embeddable":true,"href":"https:\/\/chrislauffs.de\/index.php?rest_route=\/wp\/v2\/users\/1"}],"replies":[{"embeddable":true,"href":"https:\/\/chrislauffs.de\/index.php?rest_route=%2Fwp%2Fv2%2Fcomments&post=138"}],"version-history":[{"count":2,"href":"https:\/\/chrislauffs.de\/index.php?rest_route=\/wp\/v2\/pages\/138\/revisions"}],"predecessor-version":[{"id":418,"href":"https:\/\/chrislauffs.de\/index.php?rest_route=\/wp\/v2\/pages\/138\/revisions\/418"}],"up":[{"embeddable":true,"href":"https:\/\/chrislauffs.de\/index.php?rest_route=\/wp\/v2\/pages\/113"}],"wp:attachment":[{"href":"https:\/\/chrislauffs.de\/index.php?rest_route=%2Fwp%2Fv2%2Fmedia&parent=138"}],"curies":[{"name":"wp","href":"https:\/\/api.w.org\/{rel}","templated":true}]}}