{"id":141,"date":"2020-01-04T02:11:41","date_gmt":"2020-01-04T01:11:41","guid":{"rendered":"https:\/\/chrislauffs.de\/?page_id=141"},"modified":"2020-01-04T02:11:41","modified_gmt":"2020-01-04T01:11:41","slug":"halb","status":"publish","type":"page","link":"https:\/\/chrislauffs.de\/?page_id=141","title":{"rendered":"Halb"},"content":{"rendered":"\n<p><em>Halblaute Stimmen, halbtrockne Weine,<br>halbwarmer Kaffee, Halbedelsteine,<br>Damen der Halbwelt, Nachtbars, halbseiden,<br>kann man halbvoll und halbleer unterscheiden?<\/em><\/p>\n\n\n\n<p><em>Halbwissen, Halbbildung, nur angelesen,<br>erst halbe Portion, dann halbstark gewesen,<br>halbherzig glauben, nur halbwegs versteh&#8217;n,<br>das ist halbamtlich: auch Halbschlaf macht sch\u00f6n&#8230;<\/em><\/p>\n\n\n\n<p><em>Halbbruder, Halbwaise, Halbpension,<br>Halbinsel, Halbkugel, halber Ton,<br>halbe Ewigkeiten bei Halbwertszeiten,<br>ich hasse die st\u00e4ndigen Halbwahrheiten&#8230;<\/em><\/p>\n\n\n\n<p><em>Motive im Halblicht, Halbgott in wei\u00df,<br>auf Halbglatzen bildet sich schnell schon mal Schwei\u00df,<br>halbfette Speisen, halbgar zubereitet,<br>wei\u00df eigentlich jemand, was Halbzeug bedeutet?<\/em><\/p>\n\n\n\n<p><em>Halbwahnsinnig machen, halbtot sein vor Angst,<br>halbverr\u00fcckt werden, wenn du um jemanden bangst,<br>Fahnen auf halbmast, Halbfinalspiel,<br>beim Halbmarathon kommt man schneller ins Ziel&#8230;<\/em><\/p>\n\n\n\n<p><em>Wollte den Text eigentlich ganz fertig machen,<br>denn ich stehe nicht wirklich auf halbe Sachen,<br>doch ich geb&#8217; zu, mir f\u00e4llt nichts mehr ein,<br>drum muss dieser Song wohl halbfertig sein &#8212;<\/em><\/p>\n\n\n\n<figure class=\"wp-block-image size-large\"><img decoding=\"async\" loading=\"lazy\" width=\"366\" height=\"243\" src=\"https:\/\/chrislauffs.de\/wp-content\/uploads\/2020\/01\/Halb_Homepage.jpg\" alt=\"\" class=\"wp-image-142\" srcset=\"https:\/\/chrislauffs.de\/wp-content\/uploads\/2020\/01\/Halb_Homepage.jpg 366w, https:\/\/chrislauffs.de\/wp-content\/uploads\/2020\/01\/Halb_Homepage-300x199.jpg 300w\" sizes=\"(max-width: 366px) 100vw, 366px\" \/><\/figure>\n","protected":false},"excerpt":{"rendered":"<p>Halblaute Stimmen, halbtrockne Weine,halbwarmer Kaffee, Halbedelsteine,Damen der Halbwelt, Nachtbars, halbseiden,kann man halbvoll und halbleer unterscheiden? Halbwissen, Halbbildung, nur angelesen,erst halbe Portion, dann halbstark gewesen,halbherzig glauben, nur halbwegs versteh&#8217;n,das ist halbamtlich: auch Halbschlaf macht sch\u00f6n&#8230; Halbbruder, Halbwaise, Halbpension,Halbinsel, Halbkugel, halber Ton,halbe Ewigkeiten bei Halbwertszeiten,ich hasse die st\u00e4ndigen Halbwahrheiten&#8230; Motive im Halblicht, Halbgott in wei\u00df,auf Halbglatzen bildet [&hellip;]<\/p>\n","protected":false},"author":1,"featured_media":0,"parent":113,"menu_order":0,"comment_status":"closed","ping_status":"closed","template":"","meta":[],"_links":{"self":[{"href":"https:\/\/chrislauffs.de\/index.php?rest_route=\/wp\/v2\/pages\/141"}],"collection":[{"href":"https:\/\/chrislauffs.de\/index.php?rest_route=\/wp\/v2\/pages"}],"about":[{"href":"https:\/\/chrislauffs.de\/index.php?rest_route=\/wp\/v2\/types\/page"}],"author":[{"embeddable":true,"href":"https:\/\/chrislauffs.de\/index.php?rest_route=\/wp\/v2\/users\/1"}],"replies":[{"embeddable":true,"href":"https:\/\/chrislauffs.de\/index.php?rest_route=%2Fwp%2Fv2%2Fcomments&post=141"}],"version-history":[{"count":1,"href":"https:\/\/chrislauffs.de\/index.php?rest_route=\/wp\/v2\/pages\/141\/revisions"}],"predecessor-version":[{"id":143,"href":"https:\/\/chrislauffs.de\/index.php?rest_route=\/wp\/v2\/pages\/141\/revisions\/143"}],"up":[{"embeddable":true,"href":"https:\/\/chrislauffs.de\/index.php?rest_route=\/wp\/v2\/pages\/113"}],"wp:attachment":[{"href":"https:\/\/chrislauffs.de\/index.php?rest_route=%2Fwp%2Fv2%2Fmedia&parent=141"}],"curies":[{"name":"wp","href":"https:\/\/api.w.org\/{rel}","templated":true}]}}