{"id":144,"date":"2020-01-04T02:12:34","date_gmt":"2020-01-04T01:12:34","guid":{"rendered":"https:\/\/chrislauffs.de\/?page_id=144"},"modified":"2020-01-04T02:12:34","modified_gmt":"2020-01-04T01:12:34","slug":"in-dieser-zeit","status":"publish","type":"page","link":"https:\/\/chrislauffs.de\/?page_id=144","title":{"rendered":"In dieser Zeit"},"content":{"rendered":"\n<p><em>Die M\u00e4rchenb\u00fccherzeit \u2013 schon Ewigkeiten her,<br>der Legokasten \u2013 weggestellt,<br>auf Raumfahrtabenteuer standst du da schon viel mehr<br>und bautest deine Schienenwelt.<br>Die Sache mit der Schule \u2013 f\u00fcr dich nie ein Problem,<br>das ging oft eher nicht schnell genug;<br>ein Instrument zu lernen: war das unangenehm?<br>Nur ab und zu mit leichtem Druck&#8230;<\/em><\/p>\n\n\n\n<p><em>&nbsp;&nbsp;Wir seh\u2019n dich noch mit deinen gut zehn Jahren,<br>&nbsp;&nbsp;und die Erinn\u2019rung f\u00e4llt nicht schwer;<br>&nbsp;&nbsp;wie schnell sie doch vergangen waren,<br>&nbsp;&nbsp;uns ist, als ob es grad gewesen w\u00e4r.<br>&nbsp;&nbsp;Und vieles stand noch in den Sternen,<br>&nbsp;&nbsp;f\u00fcr vieles war\u2019s noch nicht so weit,<br>&nbsp;&nbsp;und manches gab es noch zu lernen &#8211;<br>&nbsp;&nbsp;war\u2019n gern mit dir in dieser Zeit.<\/em><\/p>\n\n\n\n<p><em>Und ein paar Jahre sp\u00e4ter &#8211; wie schnell ging das vorbei -,<br>meist auf Pedalen \u00fcbers Land,<br>bei jeder Netzwerkparty in sp\u00e4ter Nacht dabei,<br>sonst Ball und Schl\u00e4ger in der Hand.<br>Und meine Augenh\u00f6he hatt\u2019st du schon fast erreicht,<br>das bunte Ma\u00dfbrett \u2013 \u00fcberragt&#8230;<br>Ins Kino dich zu mogeln \u2013 die \u00dcbung war ganz leicht,<br>und Stimmbruch war l\u00e4ngst angesagt.<\/em><\/p>\n\n\n\n<p><em>&nbsp;&nbsp;Wir seh\u2019n dich noch mit deinen f\u00fcnfzehn Jahren,<br>&nbsp;&nbsp;und die Erinn\u2018rung f\u00e4llt nicht schwer;<br>&nbsp;&nbsp;wie schnell sie doch vergangen waren,<br>&nbsp;&nbsp;uns ist, als ob es grad gewesen w\u00e4r.<br>&nbsp;&nbsp;Und vieles stand noch in den Sternen,<br>&nbsp;&nbsp;f\u00fcr vieles war\u2019s noch nicht so weit,<br>&nbsp;&nbsp;und manches gab es noch zu lernen &#8211;<br>&nbsp;&nbsp;war\u2019n gern mit dir in dieser Zeit.<\/em><\/p>\n\n\n\n<p><em>Wie wichtig ist die Zeit, bis man erwachsen ist?<br>Du hast sie selber mitbestimmt,<br>hast Freundschaften geschlossen, erkundet, wer Du bist,<br>gelernt auch, wie man H\u00fcrden nimmt;<br>das Abi hingelegt, Patienten transportiert,<br>die Heimatgrenze \u00fcberquert,<br>das Raumfahrtabenteuer jetzt selber auch studiert &#8211;<br>ich hoff\u2019, du bleibst so unbeschwert&#8230;<\/em><\/p>\n\n\n\n<p><em>&nbsp;&nbsp;Wir seh\u2019n dich noch mit deinen zwanzig Jahren,<br>&nbsp;&nbsp;und die Erinn\u2019rung f\u00e4llt nicht schwer;<br>&nbsp;&nbsp;wie schnell sie doch vergangen waren,<br>&nbsp;&nbsp;uns ist, als ob es grad gewesen w\u00e4r.<br>&nbsp;&nbsp;Und manches stand noch in den Sternen,<br>&nbsp;&nbsp;f\u00fcr manches war&#8217;s noch nicht so weit,<br>&nbsp;&nbsp;und manches konnten wir auch lernen &#8211;<br>&nbsp;&nbsp;war\u2019n gern mit dir in dieser Zeit.<\/em><\/p>\n\n\n\n<figure class=\"wp-block-image size-large\"><img decoding=\"async\" loading=\"lazy\" width=\"343\" height=\"252\" src=\"https:\/\/chrislauffs.de\/wp-content\/uploads\/2020\/01\/In-dieser-Zeit_Homepage.jpg\" alt=\"\" class=\"wp-image-145\" srcset=\"https:\/\/chrislauffs.de\/wp-content\/uploads\/2020\/01\/In-dieser-Zeit_Homepage.jpg 343w, https:\/\/chrislauffs.de\/wp-content\/uploads\/2020\/01\/In-dieser-Zeit_Homepage-300x220.jpg 300w\" sizes=\"(max-width: 343px) 100vw, 343px\" \/><\/figure>\n","protected":false},"excerpt":{"rendered":"<p>Die M\u00e4rchenb\u00fccherzeit \u2013 schon Ewigkeiten her,der Legokasten \u2013 weggestellt,auf Raumfahrtabenteuer standst du da schon viel mehrund bautest deine Schienenwelt.Die Sache mit der Schule \u2013 f\u00fcr dich nie ein Problem,das ging oft eher nicht schnell genug;ein Instrument zu lernen: war das unangenehm?Nur ab und zu mit leichtem Druck&#8230; &nbsp;&nbsp;Wir seh\u2019n dich noch mit deinen gut zehn [&hellip;]<\/p>\n","protected":false},"author":1,"featured_media":0,"parent":113,"menu_order":0,"comment_status":"closed","ping_status":"closed","template":"","meta":[],"_links":{"self":[{"href":"https:\/\/chrislauffs.de\/index.php?rest_route=\/wp\/v2\/pages\/144"}],"collection":[{"href":"https:\/\/chrislauffs.de\/index.php?rest_route=\/wp\/v2\/pages"}],"about":[{"href":"https:\/\/chrislauffs.de\/index.php?rest_route=\/wp\/v2\/types\/page"}],"author":[{"embeddable":true,"href":"https:\/\/chrislauffs.de\/index.php?rest_route=\/wp\/v2\/users\/1"}],"replies":[{"embeddable":true,"href":"https:\/\/chrislauffs.de\/index.php?rest_route=%2Fwp%2Fv2%2Fcomments&post=144"}],"version-history":[{"count":1,"href":"https:\/\/chrislauffs.de\/index.php?rest_route=\/wp\/v2\/pages\/144\/revisions"}],"predecessor-version":[{"id":146,"href":"https:\/\/chrislauffs.de\/index.php?rest_route=\/wp\/v2\/pages\/144\/revisions\/146"}],"up":[{"embeddable":true,"href":"https:\/\/chrislauffs.de\/index.php?rest_route=\/wp\/v2\/pages\/113"}],"wp:attachment":[{"href":"https:\/\/chrislauffs.de\/index.php?rest_route=%2Fwp%2Fv2%2Fmedia&parent=144"}],"curies":[{"name":"wp","href":"https:\/\/api.w.org\/{rel}","templated":true}]}}