{"id":147,"date":"2020-01-04T02:12:59","date_gmt":"2020-01-04T01:12:59","guid":{"rendered":"https:\/\/chrislauffs.de\/?page_id=147"},"modified":"2024-07-24T19:57:21","modified_gmt":"2024-07-24T18:57:21","slug":"junge","status":"publish","type":"page","link":"https:\/\/chrislauffs.de\/?page_id=147","title":{"rendered":"Junge"},"content":{"rendered":"\n<p><em>Hallo Junge, seh&#8217; dich dr\u00fcben dicht am Br\u00fcckenpfeiler steh&#8217;n,<br>weit au\u00dfen vorm Gel\u00e4nder, und in die Tiefe seh&#8217;n.<br>Ich wei\u00df nicht, was du vorhast, doch wenn&#8217;s das ist, tu&#8217;s nicht!<br>Es w\u00e4r dein letzter Schritt, und keine Rettung mehr in Sicht.<br>Dir geht es echt beschissen, nichts gibt mehr einen Sinn,<br>am Leben voll verzweifelt, und jetzt schmei\u00dft du alles hin?<br>Du kannst dir&#8217;s \u00fcberlegen, es ist noch nicht zu sp\u00e4t,<br>da ist noch eine Chance, wie alles weitergeht.<\/em><\/p>\n\n\n\n<p><em>Heute morgen gab&#8217;s dein Zeugnis, und es sieht ziemlich \u00fcbel aus:<br>Miese Noten, nicht versetzt, und du traust dich gar nicht erst nach Haus.<br>Deine Mutter: zu viel Arbeit, f\u00fcr deine Sorgen keine Zeit,<br>dein Dad h\u00e4ngt an der Flasche, mit ihm hast du st\u00e4ndig Streit,<br>beim Training nicht in Form, und mit dem Fu\u00dfball scheint es aus,<br>dein Trainer nimmt dich pl\u00f6tzlich aus deiner Mannschaft raus,<br>und dein bester Freund l\u00e4sst dich auf einmal voll im Regen steh&#8217;n,<br>er findet es jetzt cool, mit diesen Angebern zu geh&#8217;n.<\/em><\/p>\n\n\n\n<p><em>&nbsp;&nbsp; Nein, ich komm&#8217; nicht n\u00e4her, ich bleibe steh&#8217;n und warte hier,<br>&nbsp;&nbsp; du brauchst jemanden, der zuh\u00f6rt, halt dich fest und sprich mit mir&#8230;<\/em><br><em>&nbsp;&nbsp; Nein, ich komm&#8217; nicht n\u00e4her, ich bleibe steh&#8217;n und warte hier,<br>&nbsp;&nbsp; du brauchst jemanden, der zuh\u00f6rt, halt dich fest und sprich mit mir&#8230;<\/em><\/p>\n\n\n\n<p><em>Ich war mal so weit wie du, vielleicht f\u00e4llt das ins Gewicht,<br>ich wollte auch Schlu\u00df machen, sah nirgendwo mehr Licht,<br>fand mich wieder an &#8216;nem Bahndamm, und ich wei\u00df es noch wie heut&#8217;,<br>dass ich&#8217;s dann doch gelassen hab&#8217;, das hat mich nie gereut.<br>Vielleicht war es aus Feigheit, das gestand ich mir bald ein,<br>ich dachte mir, das kann&#8217;s doch nicht gewesen sein.<br>Heute wei\u00df ich ganz genau, die gr\u00f6\u00df&#8217;re Feigheit w\u00e4re eher,<br>wenn ich ganz schlicht vorm Leben davongelaufen w\u00e4r&#8217;.<\/em><\/p>\n\n\n\n<p><em>Hallo Junge, doch jetzt sieh&#8217; mich an und gib mir deine Hand,<br>und ich bugsier&#8217; dich langsam an den Stahltr\u00e4gern entlang.<br>Ich sag&#8217; nicht, dass \u00fcber Nacht sich alles \u00e4ndern kann,<br>doch ich versprech&#8217; dir, ich pack&#8217; es mit dir gemeinsam an.<br>Lass&#8217; uns mit ihnen sprechen, wenn niemand dich versteht,<br>ich glaube, keiner ahnt, dass es auf Tod und Leben geht.<br>Sie brauchen dich, doch wie&#8217;s auch ist, ich hoff&#8217;, du hast erkannt,<br>es geht um dich, komm, nimm dein Leben selber in die Hand&#8230;<\/em><\/p>\n","protected":false},"excerpt":{"rendered":"<p>Hallo Junge, seh&#8217; dich dr\u00fcben dicht am Br\u00fcckenpfeiler steh&#8217;n,weit au\u00dfen vorm Gel\u00e4nder, und in die Tiefe seh&#8217;n.Ich wei\u00df nicht, was du vorhast, doch wenn&#8217;s das ist, tu&#8217;s nicht!Es w\u00e4r dein letzter Schritt, und keine Rettung mehr in Sicht.Dir geht es echt beschissen, nichts gibt mehr einen Sinn,am Leben voll verzweifelt, und jetzt schmei\u00dft du alles [&hellip;]<\/p>\n","protected":false},"author":1,"featured_media":0,"parent":113,"menu_order":0,"comment_status":"closed","ping_status":"closed","template":"","meta":[],"_links":{"self":[{"href":"https:\/\/chrislauffs.de\/index.php?rest_route=\/wp\/v2\/pages\/147"}],"collection":[{"href":"https:\/\/chrislauffs.de\/index.php?rest_route=\/wp\/v2\/pages"}],"about":[{"href":"https:\/\/chrislauffs.de\/index.php?rest_route=\/wp\/v2\/types\/page"}],"author":[{"embeddable":true,"href":"https:\/\/chrislauffs.de\/index.php?rest_route=\/wp\/v2\/users\/1"}],"replies":[{"embeddable":true,"href":"https:\/\/chrislauffs.de\/index.php?rest_route=%2Fwp%2Fv2%2Fcomments&post=147"}],"version-history":[{"count":2,"href":"https:\/\/chrislauffs.de\/index.php?rest_route=\/wp\/v2\/pages\/147\/revisions"}],"predecessor-version":[{"id":434,"href":"https:\/\/chrislauffs.de\/index.php?rest_route=\/wp\/v2\/pages\/147\/revisions\/434"}],"up":[{"embeddable":true,"href":"https:\/\/chrislauffs.de\/index.php?rest_route=\/wp\/v2\/pages\/113"}],"wp:attachment":[{"href":"https:\/\/chrislauffs.de\/index.php?rest_route=%2Fwp%2Fv2%2Fmedia&parent=147"}],"curies":[{"name":"wp","href":"https:\/\/api.w.org\/{rel}","templated":true}]}}