{"id":149,"date":"2020-01-04T02:13:28","date_gmt":"2020-01-04T01:13:28","guid":{"rendered":"https:\/\/chrislauffs.de\/?page_id=149"},"modified":"2020-01-04T02:13:28","modified_gmt":"2020-01-04T01:13:28","slug":"mittelmaessigkeit","status":"publish","type":"page","link":"https:\/\/chrislauffs.de\/?page_id=149","title":{"rendered":"Mittelm\u00e4\u00dfigkeit"},"content":{"rendered":"\n<p><em>In der Schule hast du die Stunden gez\u00e4hlt<br>und davon auch reichlich verpasst.<br>Zum Sprung nach vorn hat dir irgendwas gefehlt,<br>den Streber neben dir hast du gehasst.<br>So manche Arbeit versiebt, beim Lehrer m\u00e4\u00dfig beliebt,<br>am Ende trotzdem immer gerade noch die Kurve gekriegt&#8230;<\/em><\/p>\n\n\n\n<p><em>Auf &#8216;nen Job im B\u00fcro hast du keinen Bock gehabt,<br>hast lieber mit &#8216;ner Band Musik gemacht,<br>doch was du spieltest, war nie so richtig angesagt,<br>das Management hat&#8217;s auch nicht ganz gebracht.<br>&#8216;Ne echte Chance hatt&#8217;st du nicht, der gro\u00dfe Durchbruch &#8211; nicht in Sicht,<br>eine der zahllosen Bands im tr\u00fcben Kneipenlicht&#8230;<\/em><\/p>\n\n\n\n<p><em>&nbsp;&nbsp;Mittelm\u00e4\u00dfigkeit &#8211; die schleppst du mit dir rum,<br>&nbsp;&nbsp;nicht hochintelligent, doch auch nicht strohdumm.<br>&nbsp;&nbsp;Mittelm\u00e4\u00dfigkeit &#8211; bleibt sich wohl immer gleich,<br>&nbsp;&nbsp;kein armer Schlucker, aber auch nicht stinkreich.<br>&nbsp;&nbsp;Mittelm\u00e4\u00dfigkeit &#8211; die ist wie eingebrannt,<br>&nbsp;&nbsp;nicht prominent, doch auch nicht v\u00f6llig unbekannt.<br>&nbsp;&nbsp;Mittelm\u00e4\u00dfigkeit &#8211; h\u00e4ngt wie &#8216;ne Klette dran,<br>&nbsp;&nbsp;kein Loser, aber auch nicht gerade Don Juan&#8230;<\/em><\/p>\n\n\n\n<p><em>Dann wolltest du zum Film, hast dich beim Casting vorgestellt,<br>eingeladen f\u00fcr die \u00fcblichen Shots.<br>Du hast den Traum getr\u00e4umt von Ruhm und gro\u00dfem Geld<br>und warst doch nur Statist in Fernsehspots.<br>Nicht eigentlich ohne Talent, doch leider ohne Produzent<br>und ohne das Gesicht, das sofort jeder wiedererkennt&#8230;<\/em><\/p>\n\n\n\n<p><em>Wieder mal hast du nach deiner Traumfrau gesucht,<br>dann stehst du neben ihr, machst sie gleich an.<br>Sie sagt, &#8220;Tut mir echt leid, ich bin total ausgebucht,<br>man sieht sich sicher wieder irgendwann&#8230;&#8221;<br>&#8216;Ne Abfuhr immer riskiert, und die auch meistens kassiert,<br>ich glaub&#8217;, die Spielregeln hast du wohl nur halbwegs kapiert&#8230;<\/em><\/p>\n","protected":false},"excerpt":{"rendered":"<p>In der Schule hast du die Stunden gez\u00e4hltund davon auch reichlich verpasst.Zum Sprung nach vorn hat dir irgendwas gefehlt,den Streber neben dir hast du gehasst.So manche Arbeit versiebt, beim Lehrer m\u00e4\u00dfig beliebt,am Ende trotzdem immer gerade noch die Kurve gekriegt&#8230; Auf &#8216;nen Job im B\u00fcro hast du keinen Bock gehabt,hast lieber mit &#8216;ner Band Musik [&hellip;]<\/p>\n","protected":false},"author":1,"featured_media":0,"parent":113,"menu_order":0,"comment_status":"closed","ping_status":"closed","template":"","meta":[],"_links":{"self":[{"href":"https:\/\/chrislauffs.de\/index.php?rest_route=\/wp\/v2\/pages\/149"}],"collection":[{"href":"https:\/\/chrislauffs.de\/index.php?rest_route=\/wp\/v2\/pages"}],"about":[{"href":"https:\/\/chrislauffs.de\/index.php?rest_route=\/wp\/v2\/types\/page"}],"author":[{"embeddable":true,"href":"https:\/\/chrislauffs.de\/index.php?rest_route=\/wp\/v2\/users\/1"}],"replies":[{"embeddable":true,"href":"https:\/\/chrislauffs.de\/index.php?rest_route=%2Fwp%2Fv2%2Fcomments&post=149"}],"version-history":[{"count":1,"href":"https:\/\/chrislauffs.de\/index.php?rest_route=\/wp\/v2\/pages\/149\/revisions"}],"predecessor-version":[{"id":150,"href":"https:\/\/chrislauffs.de\/index.php?rest_route=\/wp\/v2\/pages\/149\/revisions\/150"}],"up":[{"embeddable":true,"href":"https:\/\/chrislauffs.de\/index.php?rest_route=\/wp\/v2\/pages\/113"}],"wp:attachment":[{"href":"https:\/\/chrislauffs.de\/index.php?rest_route=%2Fwp%2Fv2%2Fmedia&parent=149"}],"curies":[{"name":"wp","href":"https:\/\/api.w.org\/{rel}","templated":true}]}}