{"id":151,"date":"2020-01-04T02:14:38","date_gmt":"2020-01-04T01:14:38","guid":{"rendered":"https:\/\/chrislauffs.de\/?page_id=151"},"modified":"2020-01-04T02:14:38","modified_gmt":"2020-01-04T01:14:38","slug":"nichts-zu-bereun","status":"publish","type":"page","link":"https:\/\/chrislauffs.de\/?page_id=151","title":{"rendered":"Nichts zu bereu&#8217;n"},"content":{"rendered":"\n<p><em>Leg ein Holzscheit nach,<br>die Glut wirft rotes Licht,<br>und der Morgen ist noch weit.<br>Komm und l\u00f6s dein Haar<br>und lehn den Kopf an mich,<br>ich denk nicht mehr an die Zeit.<\/em><\/p>\n\n\n\n<p><em>Gib mir das Gef\u00fchl<br>nur noch ein letztes Mal,<br>mit uns k\u00f6nnt&#8217; es anders sein,<br>lass mich noch mal glauben,<br>ich h\u00e4tte eine Wahl<br>und w\u00e4r morgen nicht allein.<\/em><\/p>\n\n\n\n<p><em>&nbsp; Ich wei\u00df, dass unsere&nbsp;<\/em>story<em>&nbsp;jetzt hier zu Ende geht,<br>&nbsp; Fortsetzung ist nicht vorgeseh\u2019n,<br>&nbsp; das Buch wird weggelegt, der Anfang war perfekt,<br>&nbsp; der Schlu\u00df jedoch schwer zu versteh\u2019n.<br>&nbsp; Die Heldin zieht es fort, nichts ist mehr wie es war<br>&nbsp; und wird es niemals wieder sein,<br>&nbsp; doch denk nicht dr\u00fcber nach, ich komm\u2019 schon damit klar,<br>&nbsp; es gibt f\u00fcr uns &#8211; nichts zu bereu\u2019n.<\/em><\/p>\n\n\n\n<p><em>Hab\u2019 Worte \u00fcberlegt,<br>Dialoge ausgedacht,<br>sa\u00df oft und lang vorm Telefon,<br>hab\u2019 Briefe dir geschrieben,<br>doch nie zur Post gebracht,<br>ich kannt\u2019 die Antwort vorher schon.<\/em><\/p>\n\n\n\n<p><em>Der letzte Span verglimmt,<br>Das Morgenlicht ist fahl,<br>es wird wohl Zeit f\u00fcr dich, zu geh\u2019n.<br>Dreh dich nicht mehr um,<br>doch wink mir noch einmal,<br>lass mich dem Tag ins Auge seh\u2019n<\/em><\/p>\n\n\n\n<figure class=\"wp-block-image size-large\"><img decoding=\"async\" loading=\"lazy\" width=\"354\" height=\"236\" src=\"https:\/\/chrislauffs.de\/wp-content\/uploads\/2020\/01\/Nichts-zu-bereun_Homepage.jpg\" alt=\"\" class=\"wp-image-152\" srcset=\"https:\/\/chrislauffs.de\/wp-content\/uploads\/2020\/01\/Nichts-zu-bereun_Homepage.jpg 354w, https:\/\/chrislauffs.de\/wp-content\/uploads\/2020\/01\/Nichts-zu-bereun_Homepage-300x200.jpg 300w\" sizes=\"(max-width: 354px) 100vw, 354px\" \/><\/figure>\n","protected":false},"excerpt":{"rendered":"<p>Leg ein Holzscheit nach,die Glut wirft rotes Licht,und der Morgen ist noch weit.Komm und l\u00f6s dein Haarund lehn den Kopf an mich,ich denk nicht mehr an die Zeit. Gib mir das Gef\u00fchlnur noch ein letztes Mal,mit uns k\u00f6nnt&#8217; es anders sein,lass mich noch mal glauben,ich h\u00e4tte eine Wahlund w\u00e4r morgen nicht allein. &nbsp; Ich wei\u00df, [&hellip;]<\/p>\n","protected":false},"author":1,"featured_media":0,"parent":113,"menu_order":0,"comment_status":"closed","ping_status":"closed","template":"","meta":[],"_links":{"self":[{"href":"https:\/\/chrislauffs.de\/index.php?rest_route=\/wp\/v2\/pages\/151"}],"collection":[{"href":"https:\/\/chrislauffs.de\/index.php?rest_route=\/wp\/v2\/pages"}],"about":[{"href":"https:\/\/chrislauffs.de\/index.php?rest_route=\/wp\/v2\/types\/page"}],"author":[{"embeddable":true,"href":"https:\/\/chrislauffs.de\/index.php?rest_route=\/wp\/v2\/users\/1"}],"replies":[{"embeddable":true,"href":"https:\/\/chrislauffs.de\/index.php?rest_route=%2Fwp%2Fv2%2Fcomments&post=151"}],"version-history":[{"count":1,"href":"https:\/\/chrislauffs.de\/index.php?rest_route=\/wp\/v2\/pages\/151\/revisions"}],"predecessor-version":[{"id":153,"href":"https:\/\/chrislauffs.de\/index.php?rest_route=\/wp\/v2\/pages\/151\/revisions\/153"}],"up":[{"embeddable":true,"href":"https:\/\/chrislauffs.de\/index.php?rest_route=\/wp\/v2\/pages\/113"}],"wp:attachment":[{"href":"https:\/\/chrislauffs.de\/index.php?rest_route=%2Fwp%2Fv2%2Fmedia&parent=151"}],"curies":[{"name":"wp","href":"https:\/\/api.w.org\/{rel}","templated":true}]}}