{"id":154,"date":"2020-01-04T02:15:23","date_gmt":"2020-01-04T01:15:23","guid":{"rendered":"https:\/\/chrislauffs.de\/?page_id=154"},"modified":"2020-01-04T02:15:23","modified_gmt":"2020-01-04T01:15:23","slug":"rouge-oder-noir","status":"publish","type":"page","link":"https:\/\/chrislauffs.de\/?page_id=154","title":{"rendered":"Rouge oder Noir"},"content":{"rendered":"\n<p><em>Die Mitternacht ist \u00fcberschritten, du h\u00e4ngst gebannt am gr\u00fcnen Tuch,<br>die Zeit ist dir schon l\u00e4ngst entglitten, und niemand sagt, es ist genug!<br>Du setzt, als ging es um dein Leben, die H\u00e4nde feucht, die Augen starr,<br>das letzte Bargeld ausgegeben, die Kugel rollt: Rouge oder Noir&#8230;<\/em><\/p>\n\n\n\n<p><em>F\u00fcr dich gab&#8217;s schon mal and&#8217;re Zeiten: ein Haus, Ferrari vor der T\u00fcr,<br>hattest zu tun mit wicht&#8217;gen Leuten, und sch\u00f6ne Frauen neben dir.<br>Um in der Szene &#8220;in&#8221; zu bleiben, stellst du dort nur mit Geld was dar,<br>du lie\u00dfst dich an den Spieltisch treiben &#8211; &#8220;Faites votre jeu&#8221;: Rouge oder Noir&#8230;<\/em><\/p>\n\n\n\n<p><em>&nbsp; Am Anfang war das alles ein Spiel<br>&nbsp; mit Vorsicht, setztest niemals zu viel,<br>&nbsp; den Einsatz hattest du bald wieder raus,<br>&nbsp; Ganz l\u00e4ssig die Systeme gecheckt<br>&nbsp; und immer die Verluste gedeckt,<br>&nbsp; die Loser am Tisch lachtest du heimlich aus&#8230;<\/em><\/p>\n\n\n\n<p><em>Der Gewinner bleibt nicht lang alleine: falsche Freunde gingen ein und aus.<br>Wo sind all die h\u00fcbschen Scheine? Warfst du sie g&#8217;rad zum Fenster raus?<br>Am Ende kannst du nur verlieren, war dir denn das nicht immer klar?<br>Du denkst, das kann dir nie passieren &#8211; alles im Griff: Rouge oder Noir&#8230;<\/em><\/p>\n\n\n\n<p><em>&nbsp; Irgendwann wurde alles zur Flucht,<br>&nbsp; erst Leidenschaft und dann nur noch die Sucht,<br>&nbsp; der Spieler lebt in seiner eig&#8217;nen Welt.<br>&nbsp; Irgendwann keine Gl\u00fccksstr\u00e4hne mehr,<br>&nbsp; am Ende &#8211; alle Taschen leer&#8230;<br>&nbsp; Hast du dein Geld niemals gez\u00e4hlt?<\/em><\/p>\n\n\n\n<p><em>Die Konten: weit \u00fcberzogen, mit der Karriere ist es wohl aus.<br>Aus deinen Clubs l\u00e4ngst rausgeflogen, der Kuckuck klebt an deinem Haus&#8230;<br>Der letzte Einsatz soll es bringen, diesmal auf Zahlen, volles Risiko!<br>Und dieses Mal muss es gelingen &#8211; &#8220;Rien ne va plus&#8230;&#8230;.Z\u00e9ro&#8221;<\/em><\/p>\n\n\n\n<figure class=\"wp-block-image size-large\"><img decoding=\"async\" loading=\"lazy\" width=\"354\" height=\"252\" src=\"https:\/\/chrislauffs.de\/wp-content\/uploads\/2020\/01\/Rouge-oder-Noir_Homepage.jpg\" alt=\"\" class=\"wp-image-155\" srcset=\"https:\/\/chrislauffs.de\/wp-content\/uploads\/2020\/01\/Rouge-oder-Noir_Homepage.jpg 354w, https:\/\/chrislauffs.de\/wp-content\/uploads\/2020\/01\/Rouge-oder-Noir_Homepage-300x214.jpg 300w\" sizes=\"(max-width: 354px) 100vw, 354px\" \/><\/figure>\n","protected":false},"excerpt":{"rendered":"<p>Die Mitternacht ist \u00fcberschritten, du h\u00e4ngst gebannt am gr\u00fcnen Tuch,die Zeit ist dir schon l\u00e4ngst entglitten, und niemand sagt, es ist genug!Du setzt, als ging es um dein Leben, die H\u00e4nde feucht, die Augen starr,das letzte Bargeld ausgegeben, die Kugel rollt: Rouge oder Noir&#8230; F\u00fcr dich gab&#8217;s schon mal and&#8217;re Zeiten: ein Haus, Ferrari vor [&hellip;]<\/p>\n","protected":false},"author":1,"featured_media":0,"parent":113,"menu_order":0,"comment_status":"closed","ping_status":"closed","template":"","meta":[],"_links":{"self":[{"href":"https:\/\/chrislauffs.de\/index.php?rest_route=\/wp\/v2\/pages\/154"}],"collection":[{"href":"https:\/\/chrislauffs.de\/index.php?rest_route=\/wp\/v2\/pages"}],"about":[{"href":"https:\/\/chrislauffs.de\/index.php?rest_route=\/wp\/v2\/types\/page"}],"author":[{"embeddable":true,"href":"https:\/\/chrislauffs.de\/index.php?rest_route=\/wp\/v2\/users\/1"}],"replies":[{"embeddable":true,"href":"https:\/\/chrislauffs.de\/index.php?rest_route=%2Fwp%2Fv2%2Fcomments&post=154"}],"version-history":[{"count":1,"href":"https:\/\/chrislauffs.de\/index.php?rest_route=\/wp\/v2\/pages\/154\/revisions"}],"predecessor-version":[{"id":156,"href":"https:\/\/chrislauffs.de\/index.php?rest_route=\/wp\/v2\/pages\/154\/revisions\/156"}],"up":[{"embeddable":true,"href":"https:\/\/chrislauffs.de\/index.php?rest_route=\/wp\/v2\/pages\/113"}],"wp:attachment":[{"href":"https:\/\/chrislauffs.de\/index.php?rest_route=%2Fwp%2Fv2%2Fmedia&parent=154"}],"curies":[{"name":"wp","href":"https:\/\/api.w.org\/{rel}","templated":true}]}}