{"id":157,"date":"2020-01-04T02:15:54","date_gmt":"2020-01-04T01:15:54","guid":{"rendered":"https:\/\/chrislauffs.de\/?page_id=157"},"modified":"2025-11-22T22:19:17","modified_gmt":"2025-11-22T21:19:17","slug":"schnelle-begegnung","status":"publish","type":"page","link":"https:\/\/chrislauffs.de\/?page_id=157","title":{"rendered":"Schnelle Begegnung (Lyrics)"},"content":{"rendered":"\n<p><em>An den W\u00e4nden h\u00e4ngen Fotos der letzten Rennsaison,<br>am Werkstattboden schimmern \u00d6lreste auf Beton.<br>Ich seh&#8217; Pokale gl\u00e4nzen aufgereiht im Wandregal,<br>Kanister, Lampen, Werkzeug und tausend Einzelteile \u00fcberall.<br>Mit schlammbespritztem Lack steht dein Wagen mittendrin,<br>ich wei\u00df, er ist der Stolz seiner Besitzerin &#8211;<br>Holzlenkrad, Speichenr\u00e4der, Scheinwerferbatterien,<br>es riecht nach altem Leder, nach Motor\u00f6l, nach Staub und nach Benzin&#8230;<\/em><\/p>\n\n\n\n<p><em>Vom Fahren fasziniert, so lang du denken kannst,<br>hast du atemlos verschlungen, was du an B\u00fcchern fandst.<br>Die Pionierinnen der Stra\u00dfe hast du dir vorgestellt,<br>und wie sie hast du dich durchgesetzt in einer absoluten M\u00e4nnerwelt.<br>Im Geist bist du Camille du Gast und warst wie sie dabei<br>auf der gro\u00dfen Rallye Paris-Madrid in neunzehnhundertdrei,<br>wie Cl\u00e4renore Stinnes warst du von Anfang an<br>deine eigene Mechanikerin, die selber mit Motoren umgeh&#8217;n kann&#8230;<\/em><\/p>\n\n\n\n<p><em>&nbsp;&nbsp; Hey kommst du klar, in deiner Lederjacke, mit zerzaustem Haar?<br>&nbsp;&nbsp; Ziehst mit dem Rallyezirkus Jahr f\u00fcr Jahr,<br>&nbsp;&nbsp; ich frag&#8217; mich, wurden deine Tr\u00e4ume wahr?<br>&nbsp;&nbsp; Hey sieh mich an, sag mir, l\u00e4uft alles was du willst nach Plan?<br>&nbsp;&nbsp; Fehlt nichts in deinem Leben dann und wann?<br>&nbsp;&nbsp; Wenn&#8217;s sonst was gibt, das ich noch mit dir teilen kann &#8211; ruf&#8217; an!<\/em><\/p>\n\n\n\n<p><em>Du nahmst mich mit auf diese Tour, der Sitzkomfort: beschr\u00e4nkt,<br>ich steckte in &#8216;nem Overall, Kopf in den Helm gezw\u00e4ngt.<br>Ich sch\u00e4tze, du warst gut in Form, und Tempo macht dir Spa\u00df,<br>ich konnte mich kaum konzentrier&#8217;n, schon bald ein bisschen um die Nase blass&#8230;<br>Und es stimmt, im Kartenlesen bin ich nicht gerade gut,<br>ich glaub&#8217;, mir liegt der Kopilot nicht unbedingt im Blut.<br>Wir fuhr&#8217;n unter &#8220;ferner liefen&#8221;, doch du hast nur gelacht,<br>einmal nicht ganz vorn zu sein, h\u00e4tt&#8217;st du jemals im Traum daran gedacht?<\/em><\/p>\n","protected":false},"excerpt":{"rendered":"<p>An den W\u00e4nden h\u00e4ngen Fotos der letzten Rennsaison,am Werkstattboden schimmern \u00d6lreste auf Beton.Ich seh&#8217; Pokale gl\u00e4nzen aufgereiht im Wandregal,Kanister, Lampen, Werkzeug und tausend Einzelteile \u00fcberall.Mit schlammbespritztem Lack steht dein Wagen mittendrin,ich wei\u00df, er ist der Stolz seiner Besitzerin &#8211;Holzlenkrad, Speichenr\u00e4der, Scheinwerferbatterien,es riecht nach altem Leder, nach Motor\u00f6l, nach Staub und nach Benzin&#8230; Vom Fahren fasziniert, [&hellip;]<\/p>\n","protected":false},"author":1,"featured_media":0,"parent":113,"menu_order":0,"comment_status":"closed","ping_status":"closed","template":"","meta":[],"_links":{"self":[{"href":"https:\/\/chrislauffs.de\/index.php?rest_route=\/wp\/v2\/pages\/157"}],"collection":[{"href":"https:\/\/chrislauffs.de\/index.php?rest_route=\/wp\/v2\/pages"}],"about":[{"href":"https:\/\/chrislauffs.de\/index.php?rest_route=\/wp\/v2\/types\/page"}],"author":[{"embeddable":true,"href":"https:\/\/chrislauffs.de\/index.php?rest_route=\/wp\/v2\/users\/1"}],"replies":[{"embeddable":true,"href":"https:\/\/chrislauffs.de\/index.php?rest_route=%2Fwp%2Fv2%2Fcomments&post=157"}],"version-history":[{"count":2,"href":"https:\/\/chrislauffs.de\/index.php?rest_route=\/wp\/v2\/pages\/157\/revisions"}],"predecessor-version":[{"id":465,"href":"https:\/\/chrislauffs.de\/index.php?rest_route=\/wp\/v2\/pages\/157\/revisions\/465"}],"up":[{"embeddable":true,"href":"https:\/\/chrislauffs.de\/index.php?rest_route=\/wp\/v2\/pages\/113"}],"wp:attachment":[{"href":"https:\/\/chrislauffs.de\/index.php?rest_route=%2Fwp%2Fv2%2Fmedia&parent=157"}],"curies":[{"name":"wp","href":"https:\/\/api.w.org\/{rel}","templated":true}]}}