{"id":159,"date":"2020-01-04T02:17:51","date_gmt":"2020-01-04T01:17:51","guid":{"rendered":"https:\/\/chrislauffs.de\/?page_id=159"},"modified":"2020-01-04T02:17:51","modified_gmt":"2020-01-04T01:17:51","slug":"sherrill-und-tom-unser-amerika-1977","status":"publish","type":"page","link":"https:\/\/chrislauffs.de\/?page_id=159","title":{"rendered":"Sherrill und Tom (Unser Amerika, 1977)"},"content":{"rendered":"\n<p><em>&#8220;Schau die K\u00fcste da unten, ich sch\u00e4tze, es ist nicht mehr weit!&#8221;<br>Die Golden Gate Bridge steigt zum Himmel hinauf.<br>&#8220;Please fasten your seat-belts&#8221; &#8211; wir halten die P\u00e4sse bereit.<br>Hello America &#8211; komm&#8217; nimm&#8217; uns auf!<br>Knallgelbe Taxis fahr&#8217;n dichtgedr\u00e4ngt an uns vorbei,<br>wir laufen und atmen die Stadt in uns ein.<br>&#8220;Dort vorn in der Cable Car sind noch zwei Stehpl\u00e4tze frei!&#8221;<br>&#8220;Zum Seehafen &#8211; da wollten wir lang schon sein!&#8221;<br>Am Fisherman&#8217;s Wharf sind Artisten und K\u00fcnstler vereint,<br>bei der menschlichen Jukebox werd&#8217;n Lieder bestellt,<br>ein Pantomime gibt ausdrucksvoll vor, Charlie Chaplin zu sein,<br>und Greenpeace sammelt Spenden f\u00fcr die Wale der Welt.<\/em><\/p>\n\n\n\n<p><em>Am Ende des Hafens das Folksingerpaar sieht man kaum,<br>er steht, und ihr liegt die Gitarre auf Knien,<br>sie singen von Fernweh, von Liebe, vom Freisein, dem Traum<br>vom Irgendwann-Aufmerksamkeit-auf-sich-Zieh&#8217;n<br>Die Musik f\u00e4ngt uns ein, und so bleiben wir endlos lang steh&#8217;n,<br>Sherrill singt Lieder, die Tom f\u00fcr sie schrieb.<br>Sp\u00e4ter erz\u00e4hlt er uns, wie seine Lieder entsteh&#8217;n,<br>sie sagt, dass es leider Cassetten nicht gibt.<br>&#8220;Wo kommt ihr beiden denn her, seid ihr lange schon hier?&#8221;<br>&#8220;Wir fangen grad an, auf Erkundung zu geh&#8217;n&#8230;&#8221;<br>Tom sagt, &#8220;Wenn ihr uns als F\u00fchrer nehmt, k\u00f6nntet ihr<br>die Stadt aus ganz eigenem Blickwinkel seh&#8217;n.&#8221;<\/em><\/p>\n\n\n\n<p><em>&nbsp; Ich seh&#8217; alles vor mir, ganz deutlich und klar,<br>&nbsp; nach so langer Zeit sind die Bilder noch da.<br>&nbsp; Erinnerst du dich, wei\u00dft du noch, wie es war?<br>&nbsp; Wir zwei auf der Suche nach uns&#8217;rem Amerika.<\/em><\/p>\n\n\n\n<p><em>Am Morgen f\u00e4hrt wirklich ein alter Ford Thunderbird vor,<br>wir donnern wie Bullitt die H\u00fcgel hinab.<br>Das Radio dr\u00f6hnt, und wir singen die Lieder im Chor<br>und fragen uns unsere Lieblingsbands ab.<br>Ein Aussichtspunkt liegt in den n\u00f6rdlichen Bergen versteckt,<br>weit drunten erstreckt sich die Goldene Bucht,<br>bald schimmert die Br\u00fccke, bald ist sie von Nebel bedeckt &#8211;<br>nach diesem Platz h\u00e4tten wir ewig gesucht&#8230;<br>Irgendwann kommen wir bei Sausalito ans Meer<br>und seh&#8217;n uns die schwankenden Hausboote an.<br>Sie sagt, der Kampf um die Boote ist lange schon her,<br>den gegen die Stadt die Gemeinschaft gewann.<\/em><\/p>\n\n\n\n<p><em>&nbsp; Ich seh&#8217; alles vor mir, ganz deutl\u00edch und klar&#8230;<\/em><\/p>\n\n\n\n<p><em>F\u00fcr Sherrill und Tom ist das Leben als S\u00e4nger nicht leicht,<br>\u00fcberall h\u00f6rst du hier gute Musik.<br>Nur &#8216;ne weitere Band, die ihr Ziel vielleicht niemals erreicht,<br>sie sind wirklich gut, doch fehlt ihnen das Gl\u00fcck.<br>Ein kleines Appartement, Haight Ashbury, Souterrain C,<br>der Hut voller M\u00fcnzen reicht f\u00fcrs Leben nicht aus,<br>so jobbt Tom als Tankwart, und Sherrill bedient im Caf\u00e9,<br>und die Katze bleibt immer alleine zu Haus.<br>Tom versucht, Musiker f\u00fcr sich zu interessier&#8217;n,<br>wir seh&#8217;n ihn beim Blueskonzert von B.B.King,<br>dort kann er beim Rock&#8217;n&#8217;Roll-Jam mit ihm improvisier&#8217;n<br>und hofft, dass das ihrem Erfolg etwas bringt.<\/em><\/p>\n\n\n\n<p><em>&nbsp; Ich seh&#8217; alles vor mir, ganz deutlich und klar&#8230;<\/em><\/p>\n\n\n\n<p><em>Viel zu schnell geht uns&#8217;re Zeit mit den beiden vorbei,<br>wir wollen noch vieles von ihrem Land seh&#8217;n.<br>Ein letztes Mal vor uns&#8217;rer gro\u00dfen Tour seh&#8217;n wir die zwei,<br>im Gef\u00fchl, dann als Freunde von ihnen zu geh&#8217;n.<br>Wir reden und singen und lachen bis sp\u00e4t in die Nacht,<br>der Joint wird von Hand zu Hand weitergereicht,<br>ernsthafte Pl\u00e4ne f\u00fcr&#8217;ne Deutschlandtour werden gemacht,<br>die Zukunft erscheint uns verlockend und leicht.<br>Doch unser Traum war jetzt die Wirklichkeit, ihrer zerbrach &#8211;<br>lange Zeit sp\u00e4ter erreicht uns ein Brief:<br>sie schreibt, sie h\u00e4tt&#8217;n sich getrennt, doch der Schmerz lie\u00df&#8217; jetzt nach,<br>und die Freundschaft zu uns blieb&#8217; trotzdem intensiv&#8230;<\/em><\/p>\n\n\n\n<p><em>&nbsp; Ich seh&#8217; sie noch vor mir, ganz deutlich und klar,<br>&nbsp; nach so langer Zeit sind die Bilder noch da.<br>&nbsp; Erinnerst du dich, wei\u00dft du noch, wie es war?<br>&nbsp; Sherrill und Tom war&#8217;n unser Amerika,<br>&nbsp; Sherrill und Tom war&#8217;n unser Amerika.<\/em><\/p>\n\n\n\n<p>Dieser Song ist Sherrill Tatomer und Tom DiBell gewidmet.<\/p>\n\n\n\n<figure class=\"wp-block-image size-large\"><img decoding=\"async\" loading=\"lazy\" width=\"400\" height=\"269\" src=\"https:\/\/chrislauffs.de\/wp-content\/uploads\/2020\/01\/sherrill_und_tom.jpg\" alt=\"\" class=\"wp-image-160\" srcset=\"https:\/\/chrislauffs.de\/wp-content\/uploads\/2020\/01\/sherrill_und_tom.jpg 400w, https:\/\/chrislauffs.de\/wp-content\/uploads\/2020\/01\/sherrill_und_tom-300x202.jpg 300w\" sizes=\"(max-width: 400px) 100vw, 400px\" \/><\/figure>\n","protected":false},"excerpt":{"rendered":"<p>&#8220;Schau die K\u00fcste da unten, ich sch\u00e4tze, es ist nicht mehr weit!&#8221;Die Golden Gate Bridge steigt zum Himmel hinauf.&#8220;Please fasten your seat-belts&#8221; &#8211; wir halten die P\u00e4sse bereit.Hello America &#8211; komm&#8217; nimm&#8217; uns auf!Knallgelbe Taxis fahr&#8217;n dichtgedr\u00e4ngt an uns vorbei,wir laufen und atmen die Stadt in uns ein.&#8220;Dort vorn in der Cable Car sind noch [&hellip;]<\/p>\n","protected":false},"author":1,"featured_media":0,"parent":113,"menu_order":0,"comment_status":"closed","ping_status":"closed","template":"","meta":[],"_links":{"self":[{"href":"https:\/\/chrislauffs.de\/index.php?rest_route=\/wp\/v2\/pages\/159"}],"collection":[{"href":"https:\/\/chrislauffs.de\/index.php?rest_route=\/wp\/v2\/pages"}],"about":[{"href":"https:\/\/chrislauffs.de\/index.php?rest_route=\/wp\/v2\/types\/page"}],"author":[{"embeddable":true,"href":"https:\/\/chrislauffs.de\/index.php?rest_route=\/wp\/v2\/users\/1"}],"replies":[{"embeddable":true,"href":"https:\/\/chrislauffs.de\/index.php?rest_route=%2Fwp%2Fv2%2Fcomments&post=159"}],"version-history":[{"count":1,"href":"https:\/\/chrislauffs.de\/index.php?rest_route=\/wp\/v2\/pages\/159\/revisions"}],"predecessor-version":[{"id":161,"href":"https:\/\/chrislauffs.de\/index.php?rest_route=\/wp\/v2\/pages\/159\/revisions\/161"}],"up":[{"embeddable":true,"href":"https:\/\/chrislauffs.de\/index.php?rest_route=\/wp\/v2\/pages\/113"}],"wp:attachment":[{"href":"https:\/\/chrislauffs.de\/index.php?rest_route=%2Fwp%2Fv2%2Fmedia&parent=159"}],"curies":[{"name":"wp","href":"https:\/\/api.w.org\/{rel}","templated":true}]}}