{"id":164,"date":"2020-01-04T02:19:11","date_gmt":"2020-01-04T01:19:11","guid":{"rendered":"https:\/\/chrislauffs.de\/?page_id=164"},"modified":"2020-01-04T02:19:11","modified_gmt":"2020-01-04T01:19:11","slug":"unterwegs","status":"publish","type":"page","link":"https:\/\/chrislauffs.de\/?page_id=164","title":{"rendered":"Unterwegs"},"content":{"rendered":"\n<p><em>Diese B\u00fchne ist leer,<br>alle Scheinwerfer aus,<br>der Beifall ist verebbt,<br>die letzten G\u00e4ste geh&#8217;n hinaus.<br>Die Gitarre verpackt,<br>mit dem Beleuchter ein Wort,<br>drehst dich noch einmal um,<br>das war&#8217;s, du mu\u00dft bald wieder fort&#8230;<\/em><\/p>\n\n\n\n<p><em>Als du damals begannst,<br>war f\u00fcr dich schon was klar:<br>gehst deinen eignen Weg,<br>spielst nur dein eignes Repertoire.<br>Keine Songs f\u00fcr jeden Tag,<br>nicht f\u00fcr so nebenher,<br>deine Zeilen eine Botschaft,<br>und wenn es nur f\u00fcr wen&#8217;ge w\u00e4r&#8230;<\/em><\/p>\n\n\n\n<p><em>Eine andere B\u00fchne, eine andere Bar,<br>ein weiterer Monat, ein weiteres Jahr&#8230;<\/em><\/p>\n\n\n\n<p><em>&nbsp;&nbsp; Unterwegs &#8211; hat es sich f\u00fcr dich je gelohnt?<br>&nbsp;&nbsp; Wie ist es, wenn man nirgends wohnt?<br>&nbsp;&nbsp; Ist es dir gleich, wenn du nur spielst?<br>&nbsp;&nbsp; Unterwegs &#8211; zog dich der Blues in den Bann?<br>&nbsp;&nbsp; War dies dein Ziel von Anfang an?<br>&nbsp;&nbsp; Ich glaub&#8217;, ich ahne, was du f\u00fchlst&#8230;<\/em><\/p>\n\n\n\n<p><em>Geh&#8217;n auch Jahre vorbei,<br>ist auch alles im Fluss,<br>sind wir auch nicht mehr jung &#8211;<br>wohl niemals \u00e4ndert sich der Blues.<br>Hab&#8217; &#8216;nen Job mir gesucht,<br>meine Tr\u00e4ume verlegt &#8211;<br>h\u00e4tt&#8217; ich mehr Mut gehabt,<br>w\u00e4r ich vielleicht auf deinem Weg&#8230;<\/em><\/p>\n\n\n\n<figure class=\"wp-block-image size-large\"><img decoding=\"async\" loading=\"lazy\" width=\"231\" height=\"307\" src=\"https:\/\/chrislauffs.de\/wp-content\/uploads\/2020\/01\/unterwegs3.jpg\" alt=\"\" class=\"wp-image-165\" srcset=\"https:\/\/chrislauffs.de\/wp-content\/uploads\/2020\/01\/unterwegs3.jpg 231w, https:\/\/chrislauffs.de\/wp-content\/uploads\/2020\/01\/unterwegs3-226x300.jpg 226w\" sizes=\"(max-width: 231px) 100vw, 231px\" \/><\/figure>\n","protected":false},"excerpt":{"rendered":"<p>Diese B\u00fchne ist leer,alle Scheinwerfer aus,der Beifall ist verebbt,die letzten G\u00e4ste geh&#8217;n hinaus.Die Gitarre verpackt,mit dem Beleuchter ein Wort,drehst dich noch einmal um,das war&#8217;s, du mu\u00dft bald wieder fort&#8230; Als du damals begannst,war f\u00fcr dich schon was klar:gehst deinen eignen Weg,spielst nur dein eignes Repertoire.Keine Songs f\u00fcr jeden Tag,nicht f\u00fcr so nebenher,deine Zeilen eine Botschaft,und [&hellip;]<\/p>\n","protected":false},"author":1,"featured_media":0,"parent":113,"menu_order":0,"comment_status":"closed","ping_status":"closed","template":"","meta":[],"_links":{"self":[{"href":"https:\/\/chrislauffs.de\/index.php?rest_route=\/wp\/v2\/pages\/164"}],"collection":[{"href":"https:\/\/chrislauffs.de\/index.php?rest_route=\/wp\/v2\/pages"}],"about":[{"href":"https:\/\/chrislauffs.de\/index.php?rest_route=\/wp\/v2\/types\/page"}],"author":[{"embeddable":true,"href":"https:\/\/chrislauffs.de\/index.php?rest_route=\/wp\/v2\/users\/1"}],"replies":[{"embeddable":true,"href":"https:\/\/chrislauffs.de\/index.php?rest_route=%2Fwp%2Fv2%2Fcomments&post=164"}],"version-history":[{"count":1,"href":"https:\/\/chrislauffs.de\/index.php?rest_route=\/wp\/v2\/pages\/164\/revisions"}],"predecessor-version":[{"id":166,"href":"https:\/\/chrislauffs.de\/index.php?rest_route=\/wp\/v2\/pages\/164\/revisions\/166"}],"up":[{"embeddable":true,"href":"https:\/\/chrislauffs.de\/index.php?rest_route=\/wp\/v2\/pages\/113"}],"wp:attachment":[{"href":"https:\/\/chrislauffs.de\/index.php?rest_route=%2Fwp%2Fv2%2Fmedia&parent=164"}],"curies":[{"name":"wp","href":"https:\/\/api.w.org\/{rel}","templated":true}]}}