{"id":169,"date":"2020-01-04T02:20:45","date_gmt":"2020-01-04T01:20:45","guid":{"rendered":"https:\/\/chrislauffs.de\/?page_id=169"},"modified":"2020-01-04T02:20:45","modified_gmt":"2020-01-04T01:20:45","slug":"wale","status":"publish","type":"page","link":"https:\/\/chrislauffs.de\/?page_id=169","title":{"rendered":"Wale"},"content":{"rendered":"\n<p><em>Ich seh&#8217; dich, wie du aus den Fluten tauchst<br>von unbekannten Tiefen her,<br>dein Riesenk\u00f6rper tanzt wie schwerelos,<br>zieht eine Schaumspur \u00fcbers Meer &#8211;<br>Dann seh&#8217; ich dich in einem runden Pool,<br>du scheinst dich tausendmal zu dreh&#8217;n,<br>ein Trainer h\u00e4lt dir einen Stahlring vor,<br>und Menschen wolln dich springen seh&#8217;n&#8230;<\/em><\/p>\n\n\n\n<p><em>Ich seh&#8217; dich, wie du an die K\u00fcste schwimmst,<br>und deine Herde neben dir,<br>im seichten Wasser rollt die Flut dich an Land,<br>und nichts bewegt dich weg von hier.<br>\u00d6lschlieren haben deine Wahrnehmung getr\u00fcbt,<br>deine Reviere kippen um,<br>Sonartests legen deine Sinne lahm,<br>im Diesell\u00e4rm sind Rufe stumm&#8230;<\/em><\/p>\n\n\n\n<p><em>&nbsp;&nbsp; Ahnst du nicht? Dein Untergang ist l\u00e4ngst schon ausgemacht,<br>&nbsp;&nbsp; du folgst nur vielen andren Wesen nach,<br>&nbsp;&nbsp; die ausgebeutet werden und zerst\u00f6rt,<br>&nbsp;&nbsp; als h\u00e4tt&#8217; ihr Leben ihnen nie geh\u00f6rt.<br>&nbsp;&nbsp; Ich frage mich, ist es, weil Menschen dumpfen Neid versp\u00fcr&#8217;n,<br>&nbsp;&nbsp; da\u00df ziemlich sicher unter allen S\u00e4ugetier&#8217;n<br>&nbsp;&nbsp; die Weisheit letztlich erst beim Wal beginnt,<br>&nbsp;&nbsp; und wir dagegen nur gerissen sind?<\/em><\/p>\n\n\n\n<p><em>Ich seh&#8217; dich, wie du in den Wellen treibst,<br>der Ozean verf\u00e4rbt sich rot,<br>K\u00e4pt&#8217;n Ahabs Erben f\u00fchren einen feigen Krieg<br>in ihrem Hightech-Festungs-Boot.<br>Jahrhunderte schon haben Menschen dich gejagt,<br>du hast sie nie als Feind geseh&#8217;n,<br>dein Tod f\u00fcr eine falsche Wissenschaft &#8211;<br>kann diesen Frevel nicht versteh&#8217;n&#8230;<\/em><\/p>\n\n\n\n<p><em>Ich seh&#8217; dich, wie du deine Bahnen ziehst, wohin dich die Gef\u00fchle f\u00fchr&#8217;n,<br>ein M\u00f6wenschwarm folgt kreischend deinem Weg, bis Meer und Himmel sich ber\u00fchr&#8217;n&#8230;<\/em><\/p>\n\n\n\n<figure class=\"wp-block-image size-large\"><img decoding=\"async\" loading=\"lazy\" width=\"300\" height=\"188\" src=\"https:\/\/chrislauffs.de\/wp-content\/uploads\/2020\/01\/wale4.jpg\" alt=\"\" class=\"wp-image-170\"\/><\/figure>\n","protected":false},"excerpt":{"rendered":"<p>Ich seh&#8217; dich, wie du aus den Fluten tauchstvon unbekannten Tiefen her,dein Riesenk\u00f6rper tanzt wie schwerelos,zieht eine Schaumspur \u00fcbers Meer &#8211;Dann seh&#8217; ich dich in einem runden Pool,du scheinst dich tausendmal zu dreh&#8217;n,ein Trainer h\u00e4lt dir einen Stahlring vor,und Menschen wolln dich springen seh&#8217;n&#8230; Ich seh&#8217; dich, wie du an die K\u00fcste schwimmst,und deine Herde [&hellip;]<\/p>\n","protected":false},"author":1,"featured_media":0,"parent":113,"menu_order":0,"comment_status":"closed","ping_status":"closed","template":"","meta":[],"_links":{"self":[{"href":"https:\/\/chrislauffs.de\/index.php?rest_route=\/wp\/v2\/pages\/169"}],"collection":[{"href":"https:\/\/chrislauffs.de\/index.php?rest_route=\/wp\/v2\/pages"}],"about":[{"href":"https:\/\/chrislauffs.de\/index.php?rest_route=\/wp\/v2\/types\/page"}],"author":[{"embeddable":true,"href":"https:\/\/chrislauffs.de\/index.php?rest_route=\/wp\/v2\/users\/1"}],"replies":[{"embeddable":true,"href":"https:\/\/chrislauffs.de\/index.php?rest_route=%2Fwp%2Fv2%2Fcomments&post=169"}],"version-history":[{"count":1,"href":"https:\/\/chrislauffs.de\/index.php?rest_route=\/wp\/v2\/pages\/169\/revisions"}],"predecessor-version":[{"id":171,"href":"https:\/\/chrislauffs.de\/index.php?rest_route=\/wp\/v2\/pages\/169\/revisions\/171"}],"up":[{"embeddable":true,"href":"https:\/\/chrislauffs.de\/index.php?rest_route=\/wp\/v2\/pages\/113"}],"wp:attachment":[{"href":"https:\/\/chrislauffs.de\/index.php?rest_route=%2Fwp%2Fv2%2Fmedia&parent=169"}],"curies":[{"name":"wp","href":"https:\/\/api.w.org\/{rel}","templated":true}]}}