{"id":394,"date":"2024-05-12T13:57:08","date_gmt":"2024-05-12T12:57:08","guid":{"rendered":"https:\/\/chrislauffs.de\/?page_id=394"},"modified":"2024-07-24T19:54:34","modified_gmt":"2024-07-24T18:54:34","slug":"ich-weis-sagt-sie","status":"publish","type":"page","link":"https:\/\/chrislauffs.de\/?page_id=394","title":{"rendered":"Ich wei\u00df&#8230;sagt sie"},"content":{"rendered":"\n<p><em>Ich wei\u00df, du bist wie ein Schneider, sagt sie,<br>du machst deine Lieder aus Samt,<br>und weil jedes Lied ganz besonders sein soll,<br>n\u00e4hst du den Stoff mit der Hand \u2013<br>ich wei\u00df, dein Lied ist wie ein Kleid, sagt sie,<br>und wenn\u2019s nur ein einfaches w\u00e4r,<br>es schm\u00fcckt und es w\u00e4rmt und es h\u00fcllt ein,<br>und gerne schenkst du es her,<br>und gerne schenkst du es her.<\/em><\/p>\n\n\n\n<p><em><br>Ich wei\u00df, du bist wie ein Maler, sagt sie,<br>legst dein Lied wie ein Farbenspiel an,<br>und so wie die Strophe der Strophe nachfolgt,<br>malst du Farbton an Ton mit der Hand \u2013<br>ich wei\u00df, dein Lied ist wie ein Bild, sagt sie,<br>alles darin wirkt ganz nah,<br>und Orte und Zeit kommen mir vor Augen<br>ganz so, als w\u00e4r ich selbst da,<br>ganz so, als w\u00e4r ich selbst da.<\/em><\/p>\n\n\n\n<p><em><br>Ich wei\u00df, du bist ein Erz\u00e4hler, sagt sie,<br>gehst in die Traumwelt hinaus,<br>und hast du die richtigen Worte gefunden,<br>schmiedest du Verse daraus \u2013<br>ich wei\u00df, dein Lied ist wie ein Buch, sagt sie,<br>offen f\u00fcr den, der es liest<br>und zwischen den Zeilen die Botschaft versteht,<br>die darin zu finden ist,<br>die darin zu finden ist.<\/em><\/p>\n","protected":false},"excerpt":{"rendered":"<p>Ich wei\u00df, du bist wie ein Schneider, sagt sie,du machst deine Lieder aus Samt,und weil jedes Lied ganz besonders sein soll,n\u00e4hst du den Stoff mit der Hand \u2013ich wei\u00df, dein Lied ist wie ein Kleid, sagt sie,und wenn\u2019s nur ein einfaches w\u00e4r,es schm\u00fcckt und es w\u00e4rmt und es h\u00fcllt ein,und gerne schenkst du es her,und [&hellip;]<\/p>\n","protected":false},"author":1,"featured_media":0,"parent":113,"menu_order":0,"comment_status":"closed","ping_status":"closed","template":"","meta":[],"_links":{"self":[{"href":"https:\/\/chrislauffs.de\/index.php?rest_route=\/wp\/v2\/pages\/394"}],"collection":[{"href":"https:\/\/chrislauffs.de\/index.php?rest_route=\/wp\/v2\/pages"}],"about":[{"href":"https:\/\/chrislauffs.de\/index.php?rest_route=\/wp\/v2\/types\/page"}],"author":[{"embeddable":true,"href":"https:\/\/chrislauffs.de\/index.php?rest_route=\/wp\/v2\/users\/1"}],"replies":[{"embeddable":true,"href":"https:\/\/chrislauffs.de\/index.php?rest_route=%2Fwp%2Fv2%2Fcomments&post=394"}],"version-history":[{"count":2,"href":"https:\/\/chrislauffs.de\/index.php?rest_route=\/wp\/v2\/pages\/394\/revisions"}],"predecessor-version":[{"id":431,"href":"https:\/\/chrislauffs.de\/index.php?rest_route=\/wp\/v2\/pages\/394\/revisions\/431"}],"up":[{"embeddable":true,"href":"https:\/\/chrislauffs.de\/index.php?rest_route=\/wp\/v2\/pages\/113"}],"wp:attachment":[{"href":"https:\/\/chrislauffs.de\/index.php?rest_route=%2Fwp%2Fv2%2Fmedia&parent=394"}],"curies":[{"name":"wp","href":"https:\/\/api.w.org\/{rel}","templated":true}]}}