{"id":397,"date":"2024-05-12T14:03:22","date_gmt":"2024-05-12T13:03:22","guid":{"rendered":"https:\/\/chrislauffs.de\/?page_id=397"},"modified":"2024-05-21T14:01:28","modified_gmt":"2024-05-21T13:01:28","slug":"kaffeenation","status":"publish","type":"page","link":"https:\/\/chrislauffs.de\/?page_id=397","title":{"rendered":"Kaffeenation"},"content":{"rendered":"\n<p>Ich steh\u2018 auf dem Beh\u00f6rdenflur, muss da heute sein,<br>doch niemand, den ich sprechen kann, steh\u2018 hier ganz allein,<br>alle Zimmer g\u00e4hnend leer, alle G\u00e4nge frei,<br>scheint, die Kaffeepause ist lang noch nicht vorbei.<\/p>\n\n\n\n<p><br>Kanzleramt im Krisenmodus, alle Mienen fahl,<br>die Weltlage kritisch, wenn nicht katastrophal,<br>wie soll man reagieren, hat jemand \u2018ne Idee?<br>Ja eine findet Zustimmung, wie w\u00e4r\u2019s mit \u2018nem Caf\u00e9?<\/p>\n\n\n\n<p><br>   Kaffee noch im Schlafanzug, Caf\u00e9 im feinen Zwirn,<br>   Kaffee aus dem Pappbecher und edelstem Geschirr,<br>   Kaffee geht im Sitzen, Kaffee geht im Steh\u2019n,<br>   Kaffee auch im Liegen, Kaffee auch im Geh\u2019n\u2026<\/p>\n\n\n\n<p><br>   Ab und zu \u2018ne Tasse Tee tut gut und schmeckt ja fein,<br>   aber f\u00fcr die Nerven muss es Kaffee sein,<br>   mir wird jetzt allm\u00e4hlich klar, ich glaub\u2018 ihr ahnt es schon:<br>   wir sind au\u00dfer Fu\u00dfball- \u2026 auch Kaffeenation.<\/p>\n\n\n\n<p><br>Der Safeknacker m\u00fcht sich schon Stunden am Tresor,<br>doch es geht nicht richtig vorw\u00e4rts, so was kommt schon mal vor,<br>er g\u00f6nnt sich eine Pause und schmei\u00dft den Brenner hin,<br>in seiner Thermoskanne ist ja noch Kaffee drin.<\/p>\n\n\n\n<p><br>   Kaffee gleich beim ersten Date, Kaffee nach dem Aus,<br>   Kaffee ist beim Heiratsantrag besser als ein Strau\u00df,<br>   Kaffee mit der neuen Braut, Kaffee mit der Ex,<br>   Kaffee nach dem Traualtar, Kaffee nach dem Sex\u2026<br>   Kaffee gegen Denkfaulheit, Kaffee gegen Stress,<br>   Kaffee hilft bei Pr\u00fcfungsangst und vor jedem Test.<br>   F\u00fchlst du dich gerade unwohl, tut dir etwas weh?<br>   Ja um Himmels willen, mach dir \u2018nen Caf\u00e9\u2026<\/p>\n\n\n\n<p><br>   Ab und zu ne Tasse Tee tut gut und schmeckt ja fein,<br>   aber f\u00fcr die Nerven muss es Kaffee sein,<br>   mir wird jetzt allm\u00e4hlich klar, ich glaub\u2018 ihr ahnt es schon:<br>   wir sind au\u00dfer Fu\u00dfball- \u2026 auch Kaffeenation,<br>   wir sind au\u00dfer Fu\u00dfball- \u2026 auch Kaffeenation.<\/p>\n","protected":false},"excerpt":{"rendered":"<p>Ich steh\u2018 auf dem Beh\u00f6rdenflur, muss da heute sein,doch niemand, den ich sprechen kann, steh\u2018 hier ganz allein,alle Zimmer g\u00e4hnend leer, alle G\u00e4nge frei,scheint, die Kaffeepause ist lang noch nicht vorbei. Kanzleramt im Krisenmodus, alle Mienen fahl,die Weltlage kritisch, wenn nicht katastrophal,wie soll man reagieren, hat jemand \u2018ne Idee?Ja eine findet Zustimmung, wie w\u00e4r\u2019s mit [&hellip;]<\/p>\n","protected":false},"author":1,"featured_media":0,"parent":113,"menu_order":0,"comment_status":"closed","ping_status":"closed","template":"","meta":[],"_links":{"self":[{"href":"https:\/\/chrislauffs.de\/index.php?rest_route=\/wp\/v2\/pages\/397"}],"collection":[{"href":"https:\/\/chrislauffs.de\/index.php?rest_route=\/wp\/v2\/pages"}],"about":[{"href":"https:\/\/chrislauffs.de\/index.php?rest_route=\/wp\/v2\/types\/page"}],"author":[{"embeddable":true,"href":"https:\/\/chrislauffs.de\/index.php?rest_route=\/wp\/v2\/users\/1"}],"replies":[{"embeddable":true,"href":"https:\/\/chrislauffs.de\/index.php?rest_route=%2Fwp%2Fv2%2Fcomments&post=397"}],"version-history":[{"count":1,"href":"https:\/\/chrislauffs.de\/index.php?rest_route=\/wp\/v2\/pages\/397\/revisions"}],"predecessor-version":[{"id":398,"href":"https:\/\/chrislauffs.de\/index.php?rest_route=\/wp\/v2\/pages\/397\/revisions\/398"}],"up":[{"embeddable":true,"href":"https:\/\/chrislauffs.de\/index.php?rest_route=\/wp\/v2\/pages\/113"}],"wp:attachment":[{"href":"https:\/\/chrislauffs.de\/index.php?rest_route=%2Fwp%2Fv2%2Fmedia&parent=397"}],"curies":[{"name":"wp","href":"https:\/\/api.w.org\/{rel}","templated":true}]}}