{"id":399,"date":"2024-05-12T14:14:30","date_gmt":"2024-05-12T13:14:30","guid":{"rendered":"https:\/\/chrislauffs.de\/?page_id=399"},"modified":"2024-06-04T14:49:15","modified_gmt":"2024-06-04T13:49:15","slug":"regen-morgens-fruh-early-morning-rain","status":"publish","type":"page","link":"https:\/\/chrislauffs.de\/?page_id=399","title":{"rendered":"Regen morgens fr\u00fch (Early Morning Rain)"},"content":{"rendered":"\n<p><em>Nass im Regen morgens fr\u00fch,<\/em><br><em>steh hier v\u00f6llig abgebrannt,<\/em><br><em>tief im Herzen tut\u2019s mir weh,<\/em><br><em>in den Taschen nichts als Sand.<\/em><\/p>\n\n\n\n<p><em>Ist ein langer Weg nach Haus,<br>und ich w\u00e4r viel lieber dort,<br>statt hier im Regen morgens fr\u00fch,<br>komm nicht raus aus diesem Ort.<\/em><\/p>\n\n\n\n<p><em>Drau\u00dfen auf der Startbahn neun<br>fliegt \u2018n Riesenvogel weg,<br>und ich kleb im Gras hier fest,<br>das den Asphalt \u00fcberdeckt.<\/em><\/p>\n\n\n\n<p><em>Hab den Frauen nachgeschaut,<br>trank zu viele Gl\u00e4ser leer,<br>jetzt macht sie sich auf den Weg,<br>ich schau nur noch hinterher.<\/em><\/p>\n\n\n\n<p><em>Riesend\u00fcsen dr\u00f6hnen laut,<br>Silberfl\u00fcgel stehn im Wind,<br>sie fliegt schon hoch Richtung West<br>\u00fcber alle Wolken hin \u2013<\/em><\/p>\n\n\n\n<p><em>-wo es keinen Regen gibt,<br>die Sonne scheint da immerfort,<br>bald fliegt sie \u00fcber mein Zuhaus,<\/em><br><em>in drei Stunden w\u00e4r ich dort.<\/em><\/p>\n\n\n\n<p><em>Dieser Flugplatz macht mich krank,<br>ist f\u00fcr mich kein guter Halt,<br>und ich kleb am Boden fest<br>halb betrunken, nass und kalt.<\/em><\/p>\n\n\n\n<p><em>Spring du mal auf einen Flug,<br>so wie du\u2019s machst beim G\u00fcterzug,<br>spar dir besser diese M\u00fch<br>nass im Regen morgens fr\u00fch,<br>spar die besser diese M\u00fch<br>nass im Regen morgens fr\u00fch.<\/em><\/p>\n\n\n\n<p><strong>Originaltitel: Early Morning Rain<\/strong><\/p>\n\n\n\n<p><strong>Text und Musik: Gordon Lightfoot (1964)<\/strong><\/p>\n","protected":false},"excerpt":{"rendered":"<p>Nass im Regen morgens fr\u00fch,steh hier v\u00f6llig abgebrannt,tief im Herzen tut\u2019s mir weh,in den Taschen nichts als Sand. Ist ein langer Weg nach Haus,und ich w\u00e4r viel lieber dort,statt hier im Regen morgens fr\u00fch,komm nicht raus aus diesem Ort. Drau\u00dfen auf der Startbahn neunfliegt \u2018n Riesenvogel weg,und ich kleb im Gras hier fest,das den Asphalt [&hellip;]<\/p>\n","protected":false},"author":1,"featured_media":0,"parent":113,"menu_order":0,"comment_status":"closed","ping_status":"closed","template":"","meta":[],"_links":{"self":[{"href":"https:\/\/chrislauffs.de\/index.php?rest_route=\/wp\/v2\/pages\/399"}],"collection":[{"href":"https:\/\/chrislauffs.de\/index.php?rest_route=\/wp\/v2\/pages"}],"about":[{"href":"https:\/\/chrislauffs.de\/index.php?rest_route=\/wp\/v2\/types\/page"}],"author":[{"embeddable":true,"href":"https:\/\/chrislauffs.de\/index.php?rest_route=\/wp\/v2\/users\/1"}],"replies":[{"embeddable":true,"href":"https:\/\/chrislauffs.de\/index.php?rest_route=%2Fwp%2Fv2%2Fcomments&post=399"}],"version-history":[{"count":4,"href":"https:\/\/chrislauffs.de\/index.php?rest_route=\/wp\/v2\/pages\/399\/revisions"}],"predecessor-version":[{"id":427,"href":"https:\/\/chrislauffs.de\/index.php?rest_route=\/wp\/v2\/pages\/399\/revisions\/427"}],"up":[{"embeddable":true,"href":"https:\/\/chrislauffs.de\/index.php?rest_route=\/wp\/v2\/pages\/113"}],"wp:attachment":[{"href":"https:\/\/chrislauffs.de\/index.php?rest_route=%2Fwp%2Fv2%2Fmedia&parent=399"}],"curies":[{"name":"wp","href":"https:\/\/api.w.org\/{rel}","templated":true}]}}