{"id":4,"date":"2020-01-03T13:53:38","date_gmt":"2020-01-03T12:53:38","guid":{"rendered":"https:\/\/chrislauffs.de\/?page_id=4"},"modified":"2020-01-03T13:55:05","modified_gmt":"2020-01-03T12:55:05","slug":"herzlich-willkommen","status":"publish","type":"page","link":"https:\/\/chrislauffs.de\/","title":{"rendered":"Herzlich willkommen&#8230;!"},"content":{"rendered":"\n<p>&#8230;eine lange Zeit ist vergangen seit den folkbewegten sp\u00e4ten 60er und fr\u00fchen 70er Jahren, mit ihren Barden, den Duos, Trios und Gruppen&#8230; Viele, auch wir, wollten dazu geh\u00f6ren, sich mit dieser Musik ausdr\u00fccken. Wir h\u00f6rten Peter, Paul and Mary, Esther und Abi Ofarim, die Seekers, Reinhard Mey, F.J. Degenhardt, das Kingston Trio und Bob Dylan und versuchten uns mit eigenen Interpretationen ihrer St\u00fccke, wir sangen traditionelle Lieder aus den unterschiedlichsten L\u00e4ndern und griffen Texte deutscher und franz\u00f6sischer Dichter und Liedermacher auf. Die Folkszene traf sich auf B\u00fchnen in Jugendzentren, Clubs, Aulen und Theatern, es gab Kontakte, Festivals, gemeinsame Veranstaltungen. Wir hatten zahlreiche Auftritte, erschienen in mehreren Fernsehproduktionen, machten eine Langspielplatte und blieben doch bewusst Amateure&#8230;<\/p>\n\n\n\n<p>Das alles ist lange her&#8230; Aber geblieben ist bei mir die Liebe zur akustischen Gitarre. Und die Musik in ihren vielen Facetten, die wie eine lebenslange Sucht ist, hat mich seitdem nie mehr losgelassen. Irgendwann, viel sp\u00e4ter, kam ich dazu, meine eigenen Songs zu schreiben, etwas in Lyrik zu fassen, was mich bewegt, und dazu die Harmonien zu setzen. Und es war dabei keine Frage, dass meine Texte in Deutsch sein w\u00fcrden. Meine Lieder sind \u00fcber viele Jahre hinweg entstanden &#8211; manche brauchten ihre Zeit, manche entstanden schnell. Es sind, wie es in &#8220;Unterwegs&#8221; hei\u00dft, &#8220;keine Songs f\u00fcr jeden Tag, nicht f\u00fcr so nebenher&#8221;. Aber vielleicht f\u00fcr ein paar einzelne Momente in Eurem Leben, wenn Ihr sie Euch anh\u00f6rt&#8230;<\/p>\n","protected":false},"excerpt":{"rendered":"<p>&#8230;eine lange Zeit ist vergangen seit den folkbewegten sp\u00e4ten 60er und fr\u00fchen 70er Jahren, mit ihren Barden, den Duos, Trios und Gruppen&#8230; Viele, auch wir, wollten dazu geh\u00f6ren, sich mit dieser Musik ausdr\u00fccken. Wir h\u00f6rten Peter, Paul and Mary, Esther und Abi Ofarim, die Seekers, Reinhard Mey, F.J. Degenhardt, das Kingston Trio und Bob Dylan [&hellip;]<\/p>\n","protected":false},"author":1,"featured_media":0,"parent":0,"menu_order":0,"comment_status":"closed","ping_status":"closed","template":"","meta":[],"_links":{"self":[{"href":"https:\/\/chrislauffs.de\/index.php?rest_route=\/wp\/v2\/pages\/4"}],"collection":[{"href":"https:\/\/chrislauffs.de\/index.php?rest_route=\/wp\/v2\/pages"}],"about":[{"href":"https:\/\/chrislauffs.de\/index.php?rest_route=\/wp\/v2\/types\/page"}],"author":[{"embeddable":true,"href":"https:\/\/chrislauffs.de\/index.php?rest_route=\/wp\/v2\/users\/1"}],"replies":[{"embeddable":true,"href":"https:\/\/chrislauffs.de\/index.php?rest_route=%2Fwp%2Fv2%2Fcomments&post=4"}],"version-history":[{"count":2,"href":"https:\/\/chrislauffs.de\/index.php?rest_route=\/wp\/v2\/pages\/4\/revisions"}],"predecessor-version":[{"id":454,"href":"https:\/\/chrislauffs.de\/index.php?rest_route=\/wp\/v2\/pages\/4\/revisions\/454"}],"wp:attachment":[{"href":"https:\/\/chrislauffs.de\/index.php?rest_route=%2Fwp%2Fv2%2Fmedia&parent=4"}],"curies":[{"name":"wp","href":"https:\/\/api.w.org\/{rel}","templated":true}]}}