{"id":61,"date":"2020-01-03T15:32:41","date_gmt":"2020-01-03T14:32:41","guid":{"rendered":"https:\/\/chrislauffs.de\/?page_id=61"},"modified":"2020-01-04T21:51:24","modified_gmt":"2020-01-04T20:51:24","slug":"wurzeln","status":"publish","type":"page","link":"https:\/\/chrislauffs.de\/?page_id=61","title":{"rendered":"Wurzeln"},"content":{"rendered":"\n<div class=\"wp-block-image\"><figure class=\"aligncenter size-large\"><img decoding=\"async\" loading=\"lazy\" width=\"334\" height=\"210\" src=\"https:\/\/chrislauffs.de\/wp-content\/uploads\/2020\/01\/history3.jpg\" alt=\"\" class=\"wp-image-75\" srcset=\"https:\/\/chrislauffs.de\/wp-content\/uploads\/2020\/01\/history3.jpg 334w, https:\/\/chrislauffs.de\/wp-content\/uploads\/2020\/01\/history3-300x189.jpg 300w\" sizes=\"(max-width: 334px) 100vw, 334px\" \/><\/figure><\/div>\n\n\n\n<p>Die&nbsp;<em><strong>Doris, Manfred und Christian<\/strong><\/em>-Story<br><br>1967 beschlie\u00dfen in Herford\/Ostwestfalen drei junge Leute, aus ihrer Liebe zu Liedern aus verschiedenen L\u00e4ndern etwas zu machen und eine Band auf die F\u00fc\u00dfe zu stellen &#8211; die &#8220;Folkloregruppe&#8221;&nbsp;<em>Doris, Manfred und Christian<\/em>&nbsp;wird geboren. Zwei Br\u00fcder, Gymnasiasten, und eine Auslandskorrespondentin beginnen, ein Repertoire von bekannten und weniger bekannten Liedern &#8211; bestehend aus Volksliedern, B\u00e4nkelliedern, Protestliedern, aber auch Popsongs und eigenen Texten &#8211; zusammenzustellen. Es soll eine abwechslungsreiche Mischung aus unterschiedlichen Sprachen, Melodien und Rhythmen werden, interpretiert von drei Stimmen und zwei Gitarren.<\/p>\n\n\n\n<p><em><strong>Die Musikszene<\/strong><\/em><br>Ende der 60er Jahre gibt es in Deutschland eine breitgef\u00e4cherte Musikszene mit vielen Richtungen: auf der einen Seite dominiert immer noch der Beat aus dem angels\u00e4chsischen Raum, der zunehmend auch komplexer wird; daneben treten Rock und Rhythm&#8217;n&#8217;Blues auf die B\u00fchne. Auf der anderen Seite gibt es eine Entwicklung zum Lied, zum Song, zum Chanson, die durchaus charttauglich wird. In der deutschen Hitparade findet sich neben Schlagers\u00e4ngern wie&nbsp;<em>Freddy<\/em>,&nbsp;<em>Peter Alexander<\/em>,&nbsp;<em>Roy Black<\/em>,&nbsp;<em>Rex Gildo<\/em>&nbsp;und&nbsp;<em>Manuela<\/em>&nbsp;das Gesangsduo&nbsp;<em>Esther und Abi Ofarim<\/em>, das das Weltlied popul\u00e4r macht und 1968 die Pl\u00e4tze 31 und 35 belegt. S\u00e4nger franz\u00f6sischer und italienischer Lieder wie z.B.&nbsp;<em>Adamo<\/em>&nbsp;und&nbsp;<em>Adriano Celentano<\/em>&nbsp;sind ebenso in den Charts vertreten. Die S\u00fcdafrikanerin&nbsp;<em>Miriam Makeba<\/em>&nbsp;wird weltweit bekannt.<\/p>\n\n\n\n<p>Aber auch ausserhalb der Hitparade bildet sich eine neue Szene. 1964 hat auf der Burg Waldeck im Hunsr\u00fcck das erste Festival stattgefunden, das ausschlie\u00dflich Liedermacher deutscher Sprache auf die B\u00fchne bringt; ihm folgen noch weitere f\u00fcnf. Zu den Liedermachern geh\u00f6ren&nbsp;<em>Reinhard Mey<\/em>,&nbsp;<em>Hannes Wader<\/em>,&nbsp;<em>Hanns Dieter H\u00fcsch<\/em>&nbsp;und&nbsp;<em>Dieter S\u00fcverkr\u00fcp<\/em>, die dadurch einem gr\u00f6\u00dferen Publikum bekannt werden.&nbsp;<em>Franz Josef Degenhardt<\/em>&nbsp;hat schon seit l\u00e4ngerer Zeit politische Lieder mit bissigen Texten gesungen.<\/p>\n\n\n\n<p>Der kanadische S\u00e4nger und Songschreiber&nbsp;<em>Gordon Lightfoot<\/em>&nbsp;macht sich auch hierzulande einen Namen. Und aus den USA kommen&nbsp;<em>Joan Baez<\/em>&nbsp;und der Mann, der durch seine Texte, sein Auftreten, aber auch durch seine Biografie zum Folks\u00e4nger schlechthin wird:&nbsp;<em>Bob Dylan<\/em>.<\/p>\n\n\n\n<p><em><strong>Was sind Folksongs?<\/strong><\/em><br>Es sind nat\u00fcrlich in erster Linie Volkslieder und -weisen, von denen sich in vielen L\u00e4ndern \u00fcber die Jahrhunderte eine reiche Auswahl angesammelt hat. Zu diesen Liedern geh\u00f6ren z.B. Trinklieder, Tanzlieder, Seemannslieder, Spirituals, Balladen, Cowboysongs, B\u00e4nkellieder, Fahrtenlieder, Freiheitslieder, Wiegenlieder und viele mehr. Aber es sind eben auch moderne Songs &#8211; entstanden in den letzten 50, 60 Jahren, die sich in ihrer Form den Volksliedern ann\u00e4hern: unkomplizierte Texte, klare einfache Melodien, Strophenform, vor allem dargeboten mit wenigen Instrumenten, haupts\u00e4chlich mit Gitarre. Eine weitere Definition, formuliert von&nbsp;<em>Tom Glazer<\/em>, einem versierten Sammler amerikanischer Folksongs: &#8220;&#8230;fast jeder Song, der bei fast allen im Ursprungsland \u00fcber einen langen Zeitraum beliebt ist&#8221;.<\/p>\n\n\n\n<p><em><strong>Die Anf\u00e4nge<\/strong><\/em><br>1967 schreibt die &#8220;Europ\u00e4ische Arbeitsgemeinschaft zur F\u00f6rderung von k\u00fcnstlerischem Nachwuchs&#8221; den Talentwettbewerb &#8220;Chance &#8217;67&#8221; aus. DMC nehmen teil und werden in der Gruppe &#8220;Lied und Chanson&#8221; auf Anhieb Sieger im Landes- und Bundesausscheid (B\u00fcckeburg und Bochum) und schlie\u00dflich 2. Sieger in der Endausscheidung in Olloy (Belgien).<\/p>\n\n\n\n<p>Erste lokale Auftritte im Herforder Raum folgen, so in einer Show mit&nbsp;<em>Chris Howland<\/em>&nbsp;und bei Festb\u00e4llen der Deutschen Jugend-Leichtathletik-Meisterschaft und des 100j\u00e4hrigen Jubil\u00e4ums des eigenen Gymnasiums.<\/p>\n\n\n\n<div class=\"wp-block-image\"><figure class=\"aligncenter size-large\"><img decoding=\"async\" loading=\"lazy\" width=\"300\" height=\"218\" src=\"https:\/\/chrislauffs.de\/wp-content\/uploads\/2020\/01\/festballrg1.jpg\" alt=\"\" class=\"wp-image-66\"\/><figcaption>Festball Jubil\u00e4um Ravensberger Gymnasium<\/figcaption><\/figure><\/div>\n\n\n\n<p> Stadtjugend\u00e4mter sind in diesen Jahren meist die Veranstalter von Folktreffen, mit denen jugendliches Publikum angesprochen werden soll, ob sie &#8220;Jugend sucht ihre Talente&#8221;, &#8220;Folklore-Protest-Meeting&#8221; oder &#8220;Jungb\u00fcrgerparty&#8221; hei\u00dfen. DMC treten an solchen Abenden auch in weiterem Umkreis in St\u00e4dten wie Dortmund und Hagen auf. <\/p>\n\n\n\n<div class=\"wp-block-image\"><figure class=\"aligncenter size-large\"><img decoding=\"async\" loading=\"lazy\" width=\"300\" height=\"207\" src=\"https:\/\/chrislauffs.de\/wp-content\/uploads\/2020\/01\/hagen1.jpg\" alt=\"\" class=\"wp-image-67\"\/><figcaption>Folk-Treffen Hagen<\/figcaption><\/figure><\/div>\n\n\n\n<p><em><strong>Konzerte<\/strong><\/em><br>Zwei Jahre nach ihrem Start wagen DMC einen weiteren Schritt nach vorn: in Cloppenburg und in ihrem Heimatort Herford finden 1969 die ersten beiden abendf\u00fcllenden Konzerte statt, begleitet von einem begeisterten Publikum und positivem Presse-Echo. Diesen Konzerten folgen weitere, so in Vechta, B\u00fcnde, Iserlohn, L\u00fcbbecke, Ahlen, Minden, Brackwede, Preussisch-Oldendorf und Espelkamp.\n\n<\/p>\n\n\n\n<div class=\"wp-block-image\"><figure class=\"aligncenter size-large\"><img decoding=\"async\" loading=\"lazy\" width=\"300\" height=\"205\" src=\"https:\/\/chrislauffs.de\/wp-content\/uploads\/2020\/01\/konzertclp1.jpg\" alt=\"\" class=\"wp-image-68\"\/><figcaption>Konzert Cloppenburg<\/figcaption><\/figure><\/div>\n\n\n\n<p>\n\nEinladungen f\u00fcr einen Auftritt f\u00fchren sie bis in den hohen Norden: auf der Nordseeinsel Wangerooge stehen DMC 1970 f\u00fcr einen Konzertabend auf der B\u00fchne, zwei Jahre sp\u00e4ter noch einmal. Und der renommierte Folkclub &#8220;Danny&#8217;s Pan&#8221; veranstaltet 1971 in Hamburg und D\u00fcsseldorf vier Abende mit DMC.<\/p>\n\n\n\n<p>Ein besonderes Ereignis ist f\u00fcr die Gruppe die Teilnahme an einem &#8220;Gala-Abend der Stars&#8221; in Bad Berleburg. Dort treten unter der Schirmherrschaft des damaligen Bundesjustizministers Gerhard Jahn K\u00fcnstler in der &#8220;Aktion f\u00fcr gel\u00e4hmte Kinder &#8217;72&#8221; auf.<\/p>\n\n\n\n<p><strong><em>Die Lieder<\/em><\/strong><\/p>\n\n\n\n<div class=\"wp-block-image\"><figure class=\"aligncenter size-large\"><img decoding=\"async\" loading=\"lazy\" width=\"400\" height=\"169\" src=\"https:\/\/chrislauffs.de\/wp-content\/uploads\/2020\/01\/repertoire1.jpg\" alt=\"\" class=\"wp-image-69\" srcset=\"https:\/\/chrislauffs.de\/wp-content\/uploads\/2020\/01\/repertoire1.jpg 400w, https:\/\/chrislauffs.de\/wp-content\/uploads\/2020\/01\/repertoire1-300x127.jpg 300w\" sizes=\"(max-width: 400px) 100vw, 400px\" \/><\/figure><\/div>\n\n\n\n<p><strong><em>Fernsehen<\/em><\/strong><br>1970 bewerben sich DMC beim damaligen S\u00fcdwestfunk (SWF), heute SWR, um die Teilnahme an der Sendereihe &#8220;Talentschuppen&#8221;. Diese beliebte Fernsehsendung wird von 1966 bis 1984 produziert; Moderator ist zu diesem Zeitpunkt&nbsp;<em>Dieter Pr\u00f6ttel<\/em>. Tats\u00e4chlich erfolgt eine Einladung, und im August des Jahres wirken DMC bei der aktuellen Produktion mit. Ihr Beitrag ist eine Coverversion des Songs &#8220;When will the good apples fall?&#8221;, den einige Jahre zuvor das australische Gesangstrio&nbsp;<em>The Seekers<\/em>&nbsp;popul\u00e4r gemacht hat.\n\n<\/p>\n\n\n\n<div class=\"wp-block-image\"><figure class=\"aligncenter size-large\"><img decoding=\"async\" loading=\"lazy\" width=\"300\" height=\"221\" src=\"https:\/\/chrislauffs.de\/wp-content\/uploads\/2020\/01\/dmcmic.jpg\" alt=\"\" class=\"wp-image-64\"\/><figcaption>Talentschuppen, Aufnahme<\/figcaption><\/figure><\/div>\n\n\n\n<p>Einer der Teilnehmer ist der damals noch unbekannte Liedermacher&nbsp;<em>Ulrich Roski<\/em>. Die Sendung wird am 31.10. in der ARD ausgestrahlt.<\/p>\n\n\n\n<p>Das Originalvideo dieser Aufnahme ist noch erhalten:<\/p>\n\n\n\n<figure class=\"wp-block-embed-youtube wp-block-embed is-type-video is-provider-youtube wp-embed-aspect-4-3 wp-has-aspect-ratio\"><div class=\"wp-block-embed__wrapper\">\n<iframe loading=\"lazy\" title=\"Doris, Manfred und Christian: &quot;When will the good apples fall?&quot;\" width=\"768\" height=\"576\" src=\"https:\/\/www.youtube.com\/embed\/1-jvTyTnllU?feature=oembed\" frameborder=\"0\" allow=\"accelerometer; autoplay; encrypted-media; gyroscope; picture-in-picture\" allowfullscreen><\/iframe>\n<\/div><\/figure>\n\n\n\n<div class=\"wp-block-image\"><figure class=\"aligncenter size-large\"><img decoding=\"async\" loading=\"lazy\" width=\"300\" height=\"234\" src=\"https:\/\/chrislauffs.de\/wp-content\/uploads\/2020\/01\/dmcmod.jpg\" alt=\"\" class=\"wp-image-65\"\/><figcaption>Talentschuppen, Abspann<\/figcaption><\/figure><\/div>\n\n\n\n<p> Weitere Fernsehsendungen mit DMC sind &#8220;Hier und heute&#8221; (WDR) und &#8220;18, 20, nur nicht passen&#8230;&#8221; (ZDF). <\/p>\n\n\n\n<p><em><strong>Plattenproduktion<\/strong><\/em><br>Im gleichen Jahr erreicht die Gruppe ein Angebot einer kleinen s\u00fcddeutschen Plattenfirma, eine Langspielplatte aufzunehmen. DMC sagen zu, obwohl die Produktionsbedingungen und die Chance, damit ein gr\u00f6\u00dferes Publikum zu erreichen, nicht besonders vielversprechend sind. Die Aufnahmen finden im Mai 1970 und im April 1971 in einem zum Tonstudio umgebauten Kino in Rottenburg statt. Titel der LP wird eine Zeile aus dem amerikanischen Traditional &#8220;Greenback Dollar&#8221;:&nbsp;<em>&#8220;Sing What Must Be Sung<\/em>&#8220;. Neben diesem Titel versammeln sich auf dem Album Lieder, Songs und Chansons in sechs verschiedenen Sprachen.<br>Die Langspielplatte wird, nicht unerwartet, ein kommerzieller Flop, da die Produktionsfirma nicht \u00fcber die erforderlichen Vertriebsm\u00f6glichkeiten verf\u00fcgt.\n\n<\/p>\n\n\n\n<div class=\"wp-block-image\"><figure class=\"aligncenter size-large\"><img decoding=\"async\" loading=\"lazy\" width=\"217\" height=\"300\" src=\"https:\/\/chrislauffs.de\/wp-content\/uploads\/2020\/01\/dmcaut.jpg\" alt=\"\" class=\"wp-image-62\"\/><figcaption>Autogrammkarte<\/figcaption><\/figure><\/div>\n\n\n\n<p><em><strong>Ausklang<\/strong><\/em><br>1972\/73 stehen DMC am Scheideweg: um die Richtung einer k\u00fcnstlerischen Karriere weiter zu verfolgen, w\u00e4re es notwendig, noch viel mehr Zeit in die Einstudierung von Liedern zu investieren. Eigenes Songwriting m\u00fcsste in den Vordergrund r\u00fccken. Ein professionelles Management w\u00e4re enorm wichtig. Das alles vertr\u00e4gt sich nicht mit dem Amateurstatus, den DMC nach wie vor haben: Studium und Beruf fordern immer mehr Engagement. DMC versuchen zeitweise diesen Spagat. Aber da auch Bewerbungen bei gr\u00f6\u00dferen Plattenlabels letzlich erfolglos bleiben, ist die Aufl\u00f6sung der Gruppe absehbar.<br>In Herford findet im September 1972 noch einmal ein gro\u00dfer Konzertabend statt. Die letzten Auftritte haben DMC im Mai 1973 bei zwei Gottesdiensten in Oldentrup mit einem auf diesen Rahmen ausgerichteten Programm.\n\n<\/p>\n\n\n\n<div class=\"wp-block-image\"><figure class=\"aligncenter size-large\"><img decoding=\"async\" loading=\"lazy\" width=\"400\" height=\"401\" src=\"https:\/\/chrislauffs.de\/wp-content\/uploads\/2020\/01\/dmcheu.jpg\" alt=\"\" class=\"wp-image-63\" srcset=\"https:\/\/chrislauffs.de\/wp-content\/uploads\/2020\/01\/dmcheu.jpg 400w, https:\/\/chrislauffs.de\/wp-content\/uploads\/2020\/01\/dmcheu-300x300.jpg 300w, https:\/\/chrislauffs.de\/wp-content\/uploads\/2020\/01\/dmcheu-150x150.jpg 150w, https:\/\/chrislauffs.de\/wp-content\/uploads\/2020\/01\/dmcheu-100x100.jpg 100w\" sizes=\"(max-width: 400px) 100vw, 400px\" \/><\/figure><\/div>\n\n\n\n<p class=\"has-small-font-size\"> <em>Fotonachweis S.2 &#8220;Fernsehen&#8221;: city-sound sigi a. emmerling, m\u00fcnchen<\/em> <\/p>\n","protected":false},"excerpt":{"rendered":"<p>Die&nbsp;Doris, Manfred und Christian-Story 1967 beschlie\u00dfen in Herford\/Ostwestfalen drei junge Leute, aus ihrer Liebe zu Liedern aus verschiedenen L\u00e4ndern etwas zu machen und eine Band auf die F\u00fc\u00dfe zu stellen &#8211; die &#8220;Folkloregruppe&#8221;&nbsp;Doris, Manfred und Christian&nbsp;wird geboren. Zwei Br\u00fcder, Gymnasiasten, und eine Auslandskorrespondentin beginnen, ein Repertoire von bekannten und weniger bekannten Liedern &#8211; bestehend aus [&hellip;]<\/p>\n","protected":false},"author":1,"featured_media":0,"parent":0,"menu_order":0,"comment_status":"closed","ping_status":"closed","template":"","meta":[],"_links":{"self":[{"href":"https:\/\/chrislauffs.de\/index.php?rest_route=\/wp\/v2\/pages\/61"}],"collection":[{"href":"https:\/\/chrislauffs.de\/index.php?rest_route=\/wp\/v2\/pages"}],"about":[{"href":"https:\/\/chrislauffs.de\/index.php?rest_route=\/wp\/v2\/types\/page"}],"author":[{"embeddable":true,"href":"https:\/\/chrislauffs.de\/index.php?rest_route=\/wp\/v2\/users\/1"}],"replies":[{"embeddable":true,"href":"https:\/\/chrislauffs.de\/index.php?rest_route=%2Fwp%2Fv2%2Fcomments&post=61"}],"version-history":[{"count":8,"href":"https:\/\/chrislauffs.de\/index.php?rest_route=\/wp\/v2\/pages\/61\/revisions"}],"predecessor-version":[{"id":327,"href":"https:\/\/chrislauffs.de\/index.php?rest_route=\/wp\/v2\/pages\/61\/revisions\/327"}],"wp:attachment":[{"href":"https:\/\/chrislauffs.de\/index.php?rest_route=%2Fwp%2Fv2%2Fmedia&parent=61"}],"curies":[{"name":"wp","href":"https:\/\/api.w.org\/{rel}","templated":true}]}}